{"id":112,"date":"2016-01-20T13:48:34","date_gmt":"2016-01-20T13:48:34","guid":{"rendered":"https:\/\/zupnijaloka.si\/?page_id=112"},"modified":"2025-08-17T10:04:06","modified_gmt":"2025-08-17T09:04:06","slug":"home","status":"publish","type":"page","link":"https:\/\/zupnijaloka.si\/sl","title":{"rendered":"DOMOV"},"content":{"rendered":"<div class=\"fw-page-builder-content\">Love one another &#038; worship the Lord with all your heart.<br \/>\n <a href=\"https:\/\/zupnijaloka.si\/?page_id=114\" class=\"fw-btn fw-btn-md fw-btn-1\" style=\"\"><br \/>\n \u00a0\u00a0 DISCOVER OUR VALUES \u00a0\u00a0<br \/>\n <\/a><br \/>\n There is one body and one Spirit, one Lord.<br \/>\n <a href=\"https:\/\/zupnijaloka.si\/?page_id=126\" class=\"fw-btn fw-btn-md fw-btn-1\" style=\"\"><br \/>\n \u00a0 \u00a0 JOIN OUR CHURCH \u00a0 \u00a0<br \/>\n <\/a><br \/>\n We are disciples of God\u2019s love<br \/>\n <a href=\"https:\/\/zupnijaloka.si\/?page_id=116\" class=\"fw-btn fw-btn-md fw-btn-1\" style=\"\"><br \/>\n \u00a0\u00a0 SEEKING UNITY \u00a0\u00a0<br \/>\n <\/a><\/p>\n<h6 class=\"fw-special-title\">\u017dUPNIJE LOKA PRI ZIDANEM MOSTU, MARIJA \u0160IRJE &#8211; ZIDANI MOST, RAZBOR POD LISCO<\/h6>\n<p> <img src=\"\/\/zupnijaloka.si\/wp-content\/uploads\/2016\/01\/people-icon-1.png\" alt=\"\" \/><br \/>\n <img src=\"https:\/\/zupnijaloka.si\/wp-content\/uploads\/2018\/03\/Loka-e1521484355128.jpg\" alt=\"Loka\" data-maxdpr=\"1.7\" class=\"lazyload\" \/><br \/>\n Loka pri Zidanem Mostu<br \/>\n <a href=\"https:\/\/zupnijaloka.si\/postni_cas_2023\/\" target=\"_self\" class=\"fw-btn tf-sh-9b3f6c9086819f09f4b5a6e70f5fb132 fw-btn-md fw-animated-element fw-btn-1\" data-animation-type=\"fadeInUp\" data-animation-delay=\"300\" style=\"\" rel=\"noopener\"><br \/>\n \u00a0 \u00a0 Postni \u010das 2023\u00a0 \u00a0<br \/>\n <\/a><\/p>\n<h5 class=\"fw-special-title\">Dragi farani \u017eupnij Marija \u0160irje, Loke pri Zidanem Mostu in Razborju!<\/h5>\n<h6 class=\"fw-special-title\">Ponovno uvajamo bogoslu\u017eja po cerkvah celjske \u0161kofije, upo\u0161tevajo\u010d stroga navodila in epidemiolo\u0161ko sliko v \u017eupniji.<\/h6>\n<h6 class=\"fw-special-title\">Leto\u0161nja Velika no\u010d poteka tako kot lanska v znamenju epidemije koronavirusa. Kot ostalo javno in dru\u017ebeno \u017eivljenje se obra\u010dajo navznoter tudi na\u0161i verski obredi in na\u0161e verske slovesnosti. Vabimo in spodbujamo vas, da vse velikono\u010dne obrede in slovesnosti, ki so izvedljive v krogu dru\u017ein in gospodinjstev, pripravite s preprostim srcem in jih opravite v krogu svojih doma\u010dih.<\/h6>\n<h5 class=\"fw-special-title\">Svete ma\u0161e z udele\u017ebo ljudstva so do nadaljnjega odpovedane.<\/h5>\n<h5 class=\"fw-special-title\">Ob bolj spro\u0161\u010denih protikoronskih ukrepih lahko pride ve\u010d vernikov k sveti ma\u0161i.<\/h5>\n<h6 class=\"fw-special-title\">Zaradi izrednih razmer naj verniki spremljajo neposredne prenose svetih ma\u0161 in prazni\u010dnih bogoslu\u017eij po televiziji, radiu ali spletu iz krajevne stolnice. To pomeni, da prenos iz doma\u010de cerkve po Facebooku ne poteka, ko je prenos iz stolnice.<\/h6>\n<h6 class=\"fw-special-title\">O prenosu svete ma\u0161e po Facebooku na Veliko no\u010d bo objavljeno na veliko soboto.<\/h6>\n<p> <a href=\"https:\/\/zupnijaloka.si\/oznanila\/\" target=\"_self\" class=\"fw-btn tf-sh-aa95a353e6f102d2e26a49f127505a11 fw-btn-md fw-animated-element fw-btn-1\" data-animation-type=\"fadeInUp\" data-animation-delay=\"300\" style=\"\" rel=\"noopener\"><br \/>\n \u00a0 \u00a0 Prenosi svetih ma\u0161 in prazni\u010dnih bogoslu\u017eij v velikem tednu 2021\u00a0 \u00a0<br \/>\n <\/a><\/p>\n<h5 class=\"fw-special-title\">Ker je posavska regija v rumeni fazi spro\u0161\u010danja epidemiolo\u0161kih ukrepov, za\u010denjamo postopoma s svetimi ma\u0161ami v Loki. <\/h5>\n<h6 class=\"fw-special-title\">Upo\u0161tevajmo: maska, predpisana razdalja, razku\u017eitev rok in prostora.<\/h6>\n<h5 class=\"fw-special-title\">Epidemiolo\u0161ka slika glede oku\u017ebe s COVID-19 je na obmo\u010dju mariborske metropolije slaba.<\/h5>\n<h5 class=\"fw-special-title\">Da bi varovali zdravje ljudi, so se voditelji vseh treh \u0161kofij po posvetovanju z duhovniki odlo\u010dili, da se svete ma\u0161e do nadaljnjega \u0161e naprej obhajajo brez navzo\u010dnosti vernikov.<\/h5>\n<h5 class=\"fw-special-title\">Svete ma\u0161e z ljudstvom so do nadaljnjega odpovedane. Dovoljene so zasebne ma\u0161e duhovnika brez vernikov.<\/h5>\n<h5 class=\"fw-special-title\">V kratkem vam bom po FB oznanil, kateri dan, katero uro in v katero cerkev pridete tisti, ki \u017eelite prejeti sveto obhajilo in blagoslov. Pridete lahko kot posameznik ali dru\u017eina. <\/h5>\n<h5 class=\"fw-special-title\">Isto\u010dasno bo tudi mo\u017enost darovanja molitvenih namenov za va\u0161e rajne, ki jih bom v prazni\u010dnih dneh preko FB prebral in zanje opravil molitve. Vabljeni, da se preko spleta pridru\u017eite zraven.<\/h5>\n<h5 class=\"fw-special-title\">Zaradi zaostritve razmer so slovenski \u0161kofje ordinariji v skladu z ukrepi Vlade RS za prepre\u010devanje \u0161irjenja epidemije COVID -19, sprejeli odlo\u010ditev, da je obvezna no\u0161nja za\u0161\u010ditnih mask v cerkvenih prostorih, ter ohranjati medsebojno razdaljo 1,5 metra.<\/h5>\n<h5 class=\"fw-special-title\">\u0160e zmeraj so v veljavi \u00bbNavodila slovenskih \u0161kofov za vzpostavitev javnega bogoslu\u017eja v slovenskih cerkvah v \u010dasu epidemije COVID -19\u00ab.<\/h5>\n<p> <a href=\"https:\/\/katoliska-cerkev.si\/navodila-slovenskih-skofov-za-vzpostavitev-javnega-bogosluzja-v-slovenskih-cerkvah-v-casu-epidemije-covid-19\" target=\"_self\" class=\"fw-btn tf-sh-94790301c79063542d1a29ddba808771 fw-btn-md fw-animated-element fw-btn-1\" data-animation-type=\"fadeInUp\" data-animation-delay=\"300\" style=\"\" rel=\"noopener\"><br \/>\n \u00a0 \u00a0 Navodila slovenskih \u0161kofov \u00a0 \u00a0<br \/>\n <\/a><\/p>\n<h5 class=\"fw-special-title\">Prosimo vas tudi, da v skladu z uredbo vlade, z dne 8. julija 2020, na listku oddate svojo telefonsko \u0161tevilko (brez imena in naslova), ki jo bomo hranili 30 dni ter jo v primeru epidemije oddali pristojnim dr\u017eavnim ustanovam, da vas kontaktirajo.<\/h5>\n<p> <img src=\"\/\/zupnijaloka.si\/wp-content\/uploads\/2016\/01\/people-icon-1.png\" alt=\"\" \/><br \/>\n <img src=\"https:\/\/zupnijaloka.si\/wp-content\/uploads\/2018\/03\/Loka-e1521484355128.jpg\" alt=\"Loka\" data-maxdpr=\"1.7\" class=\"lazyload\" \/><br \/>\n Loka pri Zidanem Mostu<br \/>\n <img src=\"https:\/\/zupnijaloka.si\/wp-content\/uploads\/2018\/03\/Loka-e1521484355128.jpg\" alt=\"Loka\" data-maxdpr=\"1.7\" class=\"lazyload\" \/><br \/>\n Loka pri Zidanem Mostu<br \/>\n <img src=\"https:\/\/zupnijaloka.si\/wp-content\/uploads\/2021\/09\/PCT.png\" alt=\"PCT\" data-maxdpr=\"1.7\" class=\"lazyload\" \/><br \/>\n Razbor pod Lisco<br \/>\n <img src=\"https:\/\/zupnijaloka.si\/wp-content\/uploads\/2018\/03\/Loka-e1521484355128.jpg\" alt=\"Loka\" data-maxdpr=\"1.7\" class=\"lazyload\" \/><br \/>\n Loka pri Zidanem Mostu<br \/>\n <img src=\"https:\/\/zupnijaloka.si\/wp-content\/uploads\/2018\/03\/Loka-e1521484355128.jpg\" alt=\"Loka\" data-maxdpr=\"1.7\" class=\"lazyload\" \/><br \/>\n Loka pri Zidanem Mostu<br \/>\n <img src=\"https:\/\/zupnijaloka.si\/wp-content\/uploads\/2018\/03\/Marija-\u0160irje-730-L.png\" alt=\"Marija \u0160irje 730 L\" data-maxdpr=\"1.7\" class=\"lazyload\" \/><br \/>\n Marija \u0160irje<br \/>\n <img src=\"https:\/\/zupnijaloka.si\/wp-content\/uploads\/2018\/03\/Razbor-pod-Lisco-730-L.png\" alt=\"Razbor pod Lisco 730 L\" data-maxdpr=\"1.7\" class=\"lazyload\" \/><br \/>\n Razbor pod Lisco<br \/>\n <img src=\"https:\/\/zupnijaloka.si\/wp-content\/uploads\/2018\/03\/Sv.-Helena-zimska-foto-croped.png\" alt=\"Sv. Helena &#8211; zimska foto-croped\" data-maxdpr=\"1.7\" width=\"450\" class=\"lazyload\" \/><br \/>\n Sv. Helena<br \/>\n <img src=\"\/\/zupnijaloka.si\/wp-content\/uploads\/2016\/01\/support-icon-1.png\" alt=\"\" \/> <\/p>\n<h3 class=\"fw-special-title\">Obi\u0161\u010dite nas<\/h3>\n<p style=\"text-align: center;\">Duhovni upravitelj \u017eupnij sem \u017eupnik<\/p>\n<p style=\"text-align: center;\">Gregor Majcen<\/p>\n<p style=\"text-align: center;\">tel.: 031 696 804<\/p>\n<p> \u017dupnijski urad Loka pri Zidanem MostuLoka 541434 Loka pri Zidanem MostuSLOVENIJA<br \/>\n <a href=\"https:\/\/zupnijaloka.si\/kontakt\/\" target=\"_self\" class=\"fw-btn tf-sh-8ba347ed473c4406acbd6af07488d4c5 fw-btn-md fw-animated-element fw-btn-1\" data-animation-type=\"fadeInUp\" data-animation-delay=\"300\" style=\"\" rel=\"noopener\"><br \/>\n \u00a0 \u00a0 KONTAKT \u00a0 \u00a0<br \/>\n <\/a><\/p>\n<h6 class=\"fw-special-title\">Da bi varovali zdravje, upo\u0161tevajmo: maska, predpisana razdalja, razku\u017eitev rok in prostora.<\/h6>\n<p> <a href=\"https:\/\/sl-si.facebook.com\/zupnija.razborsirjeloka.5\" target=\"_self\" class=\"fw-btn tf-sh-72163709fc23524867da099f18fe2545 fw-btn-md fw-animated-element fw-btn-1\" data-animation-type=\"fadeInUp\" data-animation-delay=\"300\" style=\"\" rel=\"noopener\"><br \/>\n \u00a0 \u00a0 Naslov facebooka: \u017dupnija Razbor \u0160irje Loka \u00a0 \u00a0<br \/>\n <\/a><\/p>\n<p><!-- f945abc2788865c3db64d67ef400e3ba --><\/div>","protected":false},"excerpt":{"rendered":"<p>Love one another &#038; worship the Lord with all your heart. \u00a0\u00a0 DISCOVER OUR VALUES \u00a0\u00a0 There is one body and one Spirit, one Lord. \u00a0 \u00a0 JOIN OUR CHURCH \u00a0 \u00a0 We are disciples of God\u2019s love \u00a0\u00a0 SEEKING UNITY \u00a0\u00a0 \u017dUPNIJE LOKA PRI ZIDANEM MOSTU, MARIJA \u0160IRJE &#8211; ZIDANI MOST, RAZBOR POD LISCO [&hellip;]<\/p>","protected":false},"author":1,"featured_media":0,"parent":0,"menu_order":0,"comment_status":"closed","ping_status":"closed","template":"visual-builder-template.php","meta":[],"_links":{"self":[{"href":"https:\/\/zupnijaloka.si\/sl\/wp-json\/wp\/v2\/pages\/112"}],"collection":[{"href":"https:\/\/zupnijaloka.si\/sl\/wp-json\/wp\/v2\/pages"}],"about":[{"href":"https:\/\/zupnijaloka.si\/sl\/wp-json\/wp\/v2\/types\/page"}],"author":[{"embeddable":true,"href":"https:\/\/zupnijaloka.si\/sl\/wp-json\/wp\/v2\/users\/1"}],"replies":[{"embeddable":true,"href":"https:\/\/zupnijaloka.si\/sl\/wp-json\/wp\/v2\/comments?post=112"}],"version-history":[{"count":171,"href":"https:\/\/zupnijaloka.si\/sl\/wp-json\/wp\/v2\/pages\/112\/revisions"}],"predecessor-version":[{"id":3034,"href":"https:\/\/zupnijaloka.si\/sl\/wp-json\/wp\/v2\/pages\/112\/revisions\/3034"}],"wp:attachment":[{"href":"https:\/\/zupnijaloka.si\/sl\/wp-json\/wp\/v2\/media?parent=112"}],"curies":[{"name":"wp","href":"https:\/\/api.w.org\/{rel}","templated":true}]}}