{"id":116,"date":"2016-01-20T13:49:00","date_gmt":"2016-01-20T13:49:00","guid":{"rendered":"https:\/\/zupnijaloka.si\/?page_id=116"},"modified":"2021-03-03T16:32:41","modified_gmt":"2021-03-03T15:32:41","slug":"pisma_slovenskih_skofov","status":"publish","type":"page","link":"https:\/\/zupnijaloka.si\/sl\/pisma_slovenskih_skofov\/","title":{"rendered":"PISMA SLOVENSKIH \u0160KOFOV"},"content":{"rendered":"<div class=\"fw-page-builder-content\">\n<h1 class=\"fw-special-title\">Pisma slovenskih \u0161kofov<\/h1>\n<p style=\"text-align: center;\">\u201cVerujem v enega Boga, O\u010deta vsemogo\u010dnega, stvarnika nebes in zemlje, vseh vidnih in nevidnih stvari. In v enega Gospoda Jezusa Kristusa, edinorojenega Sina Bo\u017ejega, ki je iz O\u010deta rojen pred vsemi veki in je Bog od Boga, Lu\u010d od Lu\u010di, pravi Bog od pravega Boga. Rojen, ne ustvarjen, enega bistva z O\u010detom in je po njem vse ustvarjeno. Ki je zaradi nas ljudi in zaradi na\u0161ega zveli\u010danja pri\u0161el iz nebes. In se je utelesil po Svetem Duhu iz Marije Device in postal \u010dlovek.Bil je tudi kri\u017ean za nas pod Poncijem Pilatom,je trpel in bil v grob polo\u017een. In tretji dan je od mrtvih vstal, po pri\u010devanju Pisma. In je \u0161el v nebesa, sedi na O\u010detovi desnici. In bo spet pri\u0161el v slavi sodit \u017eive in mrtve; in njegovemu kraljestvu ne bo konca. Verujem v Svetega Duha,Gospoda, ki o\u017eivlja. Ki izhaja iz O\u010deta in Sina.Ki ga z O\u010detom in Sinom molimo in slavimo. Ki je govoril po prerokih. In eno, sveto, katoli\u0161ko in apostolsko Cerkev. Priznavam en krst v odpu\u0161\u010danje grehov. In pri\u010dakujem vstajenja mrtvih in \u017eivljenja v prihodnjem veku.<\/p>\n<p style=\"text-align: center;\">Amen.\u201d<\/p>\n<p> <a href=\"#sermons\" target=\"_self\" class=\"fw-btn tf-sh-ccb0808aba13c7b844cb8143d7fa73fb fw-btn-md fw-animated-element anchor fw-btn-4\" data-animation-type=\"fadeInUp\" data-animation-delay=\"300\" style=\"\"><br \/>\n \u00a0 \u00a0 URNIK SVETIH MA\u0160 \u00a0 \u00a0<br \/>\n <\/a><br \/>\n <img src=\"\/\/zupnisce.spletnet.com\/wp-content\/uploads\/2016\/02\/calendar-icon.png\" alt=\"\" \/> <\/p>\n<h5 class=\"fw-special-title\"> Prvi del Pisma slovenskih \u0161kofov za postni \u010das<\/h5>\n<p> <a href=\"https:\/\/zupnijaloka.si\/prvi-del-pisma-slovenskih-skofov-za-postni-cas\/\" target=\"_self\" class=\"fw-btn tf-sh-30edc648e12d7ab8b14ad186d49e2584 fw-btn-lg fw-animated-element fw-btn-1\" data-animation-type=\"fadeInUp\" data-animation-delay=\"300\" style=\"\"><br \/>\n \u00a0 \u00a0 ODPRI \u00a0 \u00a0<br \/>\n <\/a><\/p>\n<h5 class=\"fw-special-title\">Drugi del Pisma slovenskih \u0161kofov za postni \u010das<\/h5>\n<p> <a href=\"https:\/\/zupnijaloka.si\/drugi-del-pisma-slovenskih-skofov-za-postni-cas\/\" target=\"_self\" class=\"fw-btn tf-sh-48c5ad9cbba1c25eb855e4f5a2225681 fw-btn-lg fw-animated-element fw-btn-1\" data-animation-type=\"fadeInUp\" data-animation-delay=\"300\" style=\"\"><br \/>\n \u00a0 \u00a0 ODPRI \u00a0 \u00a0<br \/>\n <\/a><\/p>\n<p><!-- a0bc88136541d92308d2db8b54b1bf54 --><\/div>","protected":false},"excerpt":{"rendered":"<p>Pisma slovenskih \u0161kofov \u201cVerujem v enega Boga, O\u010deta vsemogo\u010dnega, stvarnika nebes in zemlje, vseh vidnih in nevidnih stvari. In v enega Gospoda Jezusa Kristusa, edinorojenega Sina Bo\u017ejega, ki je iz O\u010deta rojen pred vsemi veki in je Bog od Boga, Lu\u010d od Lu\u010di, pravi Bog od pravega Boga. Rojen, ne ustvarjen, enega bistva z O\u010detom [&hellip;]<\/p>","protected":false},"author":1,"featured_media":0,"parent":0,"menu_order":0,"comment_status":"closed","ping_status":"closed","template":"visual-builder-template.php","meta":[],"_links":{"self":[{"href":"https:\/\/zupnijaloka.si\/sl\/wp-json\/wp\/v2\/pages\/116"}],"collection":[{"href":"https:\/\/zupnijaloka.si\/sl\/wp-json\/wp\/v2\/pages"}],"about":[{"href":"https:\/\/zupnijaloka.si\/sl\/wp-json\/wp\/v2\/types\/page"}],"author":[{"embeddable":true,"href":"https:\/\/zupnijaloka.si\/sl\/wp-json\/wp\/v2\/users\/1"}],"replies":[{"embeddable":true,"href":"https:\/\/zupnijaloka.si\/sl\/wp-json\/wp\/v2\/comments?post=116"}],"version-history":[{"count":54,"href":"https:\/\/zupnijaloka.si\/sl\/wp-json\/wp\/v2\/pages\/116\/revisions"}],"predecessor-version":[{"id":1618,"href":"https:\/\/zupnijaloka.si\/sl\/wp-json\/wp\/v2\/pages\/116\/revisions\/1618"}],"wp:attachment":[{"href":"https:\/\/zupnijaloka.si\/sl\/wp-json\/wp\/v2\/media?parent=116"}],"curies":[{"name":"wp","href":"https:\/\/api.w.org\/{rel}","templated":true}]}}