{"id":118,"date":"2016-01-20T13:49:15","date_gmt":"2016-01-20T13:49:15","guid":{"rendered":"https:\/\/zupnijaloka.si\/?page_id=118"},"modified":"2020-03-03T12:30:43","modified_gmt":"2020-03-03T11:30:43","slug":"koledar_dogodkov","status":"publish","type":"page","link":"https:\/\/zupnijaloka.si\/sl\/koledar_dogodkov\/","title":{"rendered":"KOLEDAR DOGODKOV"},"content":{"rendered":"<div class=\"fw-page-builder-content\">\n<h1 class=\"fw-special-title\">Koledar dogodkov<\/h1>\n<p> POGOSTA VPRA\u0160ANJA<\/p>\n<h2 class=\"fw-special-title\">Why Join Our Community<\/h2>\n<h3><\/h3>\n<p> POGOSTA VPRA\u0160ANJA<\/p>\n<h2 class=\"fw-special-title\">Why Join Our Community<\/h2>\n<p> <img src=\"\/\/zupnijaloka.si\/wp-content\/uploads\/2016\/01\/people-icon-1.png\" alt=\"\" \/><br \/>\n <img src=\"\/\/zupnisce.spletnet.com\/wp-content\/uploads\/2016\/02\/Logo_Creed_dark.png\" alt=\"\" \/><\/p>\n<h4>Uradne ure<\/h4>\n<p>Zakristija je odprta vsak dan od 8. do 12. ure in od 14. do 19. ure. (20. ure poleti).Spovedovanje je vsak dan od 7. do 12. ure ter od 14. do 20. ure.<\/p>\n<p>V zakristiji lahko naro\u010dite sv. ma\u0161e, prosite za bolni\u0161ko maziljenje, vpra\u0161ate za spovednika, sporo\u010dite svojo \u017eeljo za blagoslov avtomobila in drugo. Zakristija je odprta vsak dan od 8. do 12. ure ter od 14. do 20. ure.<\/p>\n<h1 class=\"fw-special-title\">Slovesno bogoslu\u017eje na predve\u010der praznika Marijinega vnebovzetja v Marija \u0160irje<\/h1>\n<p> torek, 14. 8. 2018 ob 19.00<br \/>\n V nedeljo, 1. julija ob 10.30 na Razborju<br \/>\n <img src=\"https:\/\/zupnijaloka.si\/wp-content\/uploads\/2018\/08\/Marijino-vnebovzetje.png\" alt=\"Marijino vnebovzetje\" data-maxdpr=\"1.7\" class=\"lazyload\" \/> <\/p>\n<p>Po ma\u0161i bo sledila procesija s kipom fatimske Marije in lu\u010dkami, vmes litanije Matere Bo\u017eje.<\/p>\n<p>\u00a0<\/p>\n<p>Lepo vabljeni iz vseh treh \u017eupnij!<\/p>\n<p>&nbsp;<\/p>\n<p>sreda, 15. avgust:<\/p>\n<p>MARIJINO VNEBOVZETJE\u00a0 &#8211; slovesen zapovedan praznik<\/p>\n<p>&nbsp;<\/p>\n<p>svete ma\u0161e:<\/p>\n<p>9 \u2013 Loka<\/p>\n<p>10.30 \u2013 Razbor<\/p>\n<p>19 \u2013 \u0160avna Pe\u010d<\/p>\n<p>&nbsp;<\/p>\n<p>Marijino vnebovzetje\u00a0je praznik upanja, saj nam sporo\u010da, da je Marija dosegla polnost \u017eivljenja v ve\u010dnosti. To dejanje predstavlja napoved vstajenja mrtvih, ki ga bomo ob sodnem dnevu dele\u017eni vsi ljudje.<\/p>\n<p>&nbsp;<\/p>\n<p>Pri vseh ma\u0161ah\u00a0 obnovitev posvetitve Materi Bo\u017eji. <\/p>\n<h2 class=\"fw-special-title\">V soboto 16.6. 2018, ob 17. uri<\/h2>\n<p> Se v Loki zberejo ministranti vseh treh \u017eupnij. Imamo sre\u010danje in piknik.<br \/>\n <img src=\"\/\/zupnijaloka.si\/wp-content\/uploads\/2016\/01\/people-icon-1.png\" alt=\"\" \/><\/p>\n<p>V soboto 16.6.2018 ob 17. uri, se v Loki zberejo ministranti vseh treh \u017eupnij.<\/p>\n<p>Imamo sre\u010danje in piknik.<\/p>\n<p> <img src=\"\/\/zupnisce.spletnet.com\/wp-content\/uploads\/2016\/01\/support-icon-1.png\" alt=\"\" \/><\/p>\n<h4>Obvestila<\/h4>\n<p>\u010cetrtek 15. Marec 2018Postni nagovori:Vabljeni po sv. ma\u0161i v \u017eupnijsko dvorano na postno razmi\u0161ljanje o trpljenju v Janezovem evangeliju.<\/p>\n<h3><\/h3>\n<p> OUR CHURCH IN PICTURES<\/p>\n<h2 class=\"fw-special-title\">A Peak Into Our Spiritual Life<\/h2>\n<p> <a href=\"https:\/\/zupnijaloka.si\/wp-content\/uploads\/2016\/01\/gallery-img-1-1.jpg\" data-rel=\"prettyPhoto[fw-gallery-bdb414da30217eca8b0e8d4d98f58550]\" class=\"fw-block-image-child fw-ratio-container fw-ratio-3-2\"><br \/>\n <img src=\"https:\/\/zupnijaloka.si\/wp-content\/uploads\/2016\/01\/gallery-img-1-1.jpg\" alt=\"gallery-img-1\" data-maxdpr=\"1.7\" class=\"attachment-post-thumbnail lazyload\" \/><\/p>\n<h5 class=\"fw-overlay-title\">OUTDOORS SERMONS<\/h5>\n<p class=\"fw-overlay-description\">November 10th, 2015<\/p>\n<p> <\/a><br \/>\n <a href=\"https:\/\/zupnijaloka.si\/wp-content\/uploads\/2016\/01\/homepage-image-5.jpg\" data-rel=\"prettyPhoto[fw-gallery-bdb414da30217eca8b0e8d4d98f58550]\" class=\"fw-block-image-child fw-ratio-container fw-ratio-16-9\"><br \/>\n <img src=\"https:\/\/zupnijaloka.si\/wp-content\/uploads\/2016\/01\/homepage-image-5.jpg\" alt=\"homepage-image-5\" data-maxdpr=\"1.7\" class=\"attachment-post-thumbnail lazyload\" \/><\/p>\n<h5 class=\"fw-overlay-title\">RELIGION STUDIES<\/h5>\n<p class=\"fw-overlay-description\">by Dave Gregor<\/p>\n<p> <\/a><br \/>\n <a href=\"https:\/\/zupnijaloka.si\/wp-content\/uploads\/2016\/01\/gallery-img-2-1.jpg\" data-rel=\"prettyPhoto[fw-gallery-bdb414da30217eca8b0e8d4d98f58550]\" class=\"fw-block-image-child fw-ratio-container fw-ratio-1\"><br \/>\n <img src=\"https:\/\/zupnijaloka.si\/wp-content\/uploads\/2016\/01\/gallery-img-2-1.jpg\" alt=\"gallery-img-2\" data-maxdpr=\"1.7\" class=\"attachment-post-thumbnail lazyload\" \/><\/p>\n<h5 class=\"fw-overlay-title\">TRANSCENDANCE<\/h5>\n<p class=\"fw-overlay-description\">by Robert House<\/p>\n<p> <\/a><br \/>\n <a href=\"https:\/\/zupnijaloka.si\/wp-content\/uploads\/2016\/01\/gallery-img-3-1.jpg\" data-rel=\"prettyPhoto[fw-gallery-bdb414da30217eca8b0e8d4d98f58550]\" class=\"fw-block-image-child fw-ratio-container fw-ratio-1\"><br \/>\n <img src=\"https:\/\/zupnijaloka.si\/wp-content\/uploads\/2016\/01\/gallery-img-3-1.jpg\" alt=\"gallery-img-3\" data-maxdpr=\"1.7\" class=\"attachment-post-thumbnail lazyload\" \/><\/p>\n<h5 class=\"fw-overlay-title\">INAUGURATIONS<\/h5>\n<p class=\"fw-overlay-description\">December 5th, 2015<\/p>\n<p> <\/a><br \/>\n <a href=\"https:\/\/zupnijaloka.si\/wp-content\/uploads\/2016\/01\/gallery-img-5.jpg\" data-rel=\"prettyPhoto[fw-gallery-bdb414da30217eca8b0e8d4d98f58550]\" class=\"fw-block-image-child fw-ratio-container fw-ratio-3-2\"><br \/>\n <img src=\"https:\/\/zupnijaloka.si\/wp-content\/uploads\/2016\/01\/gallery-img-5.jpg\" alt=\"gallery-img-5\" data-maxdpr=\"1.7\" class=\"attachment-post-thumbnail lazyload\" \/><\/p>\n<h5 class=\"fw-overlay-title\">FINDING THE LIGHT<\/h5>\n<p class=\"fw-overlay-description\">by Henry Dott<\/p>\n<p> <\/a><\/p>\n<p><!-- 5fcde352e55a48d592e812d3c5d8dc8b --><\/div>","protected":false},"excerpt":{"rendered":"<p>Koledar dogodkov POGOSTA VPRA\u0160ANJA Why Join Our Community POGOSTA VPRA\u0160ANJA Why Join Our Community Uradne ure Zakristija je odprta vsak dan od 8. do 12. ure in od 14. do 19. ure. (20. ure poleti).Spovedovanje je vsak dan od 7. do 12. ure ter od 14. do 20. ure. V zakristiji lahko naro\u010dite sv. ma\u0161e, [&hellip;]<\/p>","protected":false},"author":1,"featured_media":0,"parent":0,"menu_order":0,"comment_status":"closed","ping_status":"closed","template":"visual-builder-template.php","meta":[],"_links":{"self":[{"href":"https:\/\/zupnijaloka.si\/sl\/wp-json\/wp\/v2\/pages\/118"}],"collection":[{"href":"https:\/\/zupnijaloka.si\/sl\/wp-json\/wp\/v2\/pages"}],"about":[{"href":"https:\/\/zupnijaloka.si\/sl\/wp-json\/wp\/v2\/types\/page"}],"author":[{"embeddable":true,"href":"https:\/\/zupnijaloka.si\/sl\/wp-json\/wp\/v2\/users\/1"}],"replies":[{"embeddable":true,"href":"https:\/\/zupnijaloka.si\/sl\/wp-json\/wp\/v2\/comments?post=118"}],"version-history":[{"count":51,"href":"https:\/\/zupnijaloka.si\/sl\/wp-json\/wp\/v2\/pages\/118\/revisions"}],"predecessor-version":[{"id":1849,"href":"https:\/\/zupnijaloka.si\/sl\/wp-json\/wp\/v2\/pages\/118\/revisions\/1849"}],"wp:attachment":[{"href":"https:\/\/zupnijaloka.si\/sl\/wp-json\/wp\/v2\/media?parent=118"}],"curies":[{"name":"wp","href":"https:\/\/api.w.org\/{rel}","templated":true}]}}