{"id":1855,"date":"2018-03-20T14:06:46","date_gmt":"2018-03-20T13:06:46","guid":{"rendered":"https:\/\/zupnijaloka.si\/?page_id=1855"},"modified":"2020-02-10T15:04:20","modified_gmt":"2020-02-10T14:04:20","slug":"verouk","status":"publish","type":"page","link":"https:\/\/zupnijaloka.si\/sl\/verouk\/","title":{"rendered":"VEROUK"},"content":{"rendered":"<div class=\"fw-page-builder-content\">\n<h1 class=\"fw-special-title\">Verouk<\/h1>\n<p> <img src=\"\/\/zupnisce.spletnet.com\/wp-content\/uploads\/2018\/03\/0.jpg\" alt=\"\" \/> <\/p>\n<h2 class=\"fw-special-title\">VEROUK TA TEDEN<\/h2>\n<h3 class=\"fw-special-title\">2.4.2018 &#8211; 8.4.2018<\/h3>\n<p>\u017de dolgo se Slovenci v maju spominjamo Marije in mu pravimo kar Marijin mesec. V eni izmed \u017eupnijskih cerkva bodo vsak ve\u010der \u0161marnice, kjer se bomo zbrali in razmi\u0161ljali o Mariji. <\/p>\n<p>Vsi vabljeni, posebej prvoobhajanci, birmanci in star\u0161i. <\/p>\n<p>\u00a0<\/p>\n<p>Sre\u010danja s prvoobhajanci in star\u0161i:<\/p>\n<p>Zidani most: ponedeljek po \u0161marnicah<\/p>\n<p>Razbor: torek po \u0161marnicah<\/p>\n<p>Loka: petek po \u0161marnicah<\/p>\n<p> <img src=\"\/\/zupnisce.spletnet.com\/wp-content\/uploads\/2018\/03\/0.jpg\" alt=\"\" \/> <\/p>\n<h2 class=\"fw-special-title\">URNIK VEROUKA ZA \u0160OLSKO LETO 2019\/2020<\/h2>\n<h3 class=\"fw-special-title\">2.4.2018 &#8211; 8.4.2018<\/h3>\n<p>&nbsp;<\/p>\n<p>URNIK VEROUKA &#8211; LOKA<\/p>\n<p>1.\u00a0\u00a0\u00a0\u00a0 in 2. razred<br \/>\npetek<br \/>\n14.15<br \/>\n3.\u00a0\u00a0\u00a0\u00a0 razred<br \/>\ntorek<br \/>\n13.30<br \/>\n4. in 5. razred<br \/>\npetek<br \/>\n15<br \/>\n6. in 7. razred<br \/>\npetek<br \/>\n15.40<br \/>\n8. in 9. razred<br \/>\nponedeljek<br \/>\n15.40<\/p>\n<p>&nbsp;<\/p>\n<p>&nbsp;<\/p>\n<p>URNIK VEROUKA &#8211; RAZBOR<\/p>\n<p>1., 2. in 3. razred<br \/>\nsobota<br \/>\n9<br \/>\n4. in 5. razred<br \/>\nsobota<br \/>\n9.45<br \/>\n7. in 8. razred<br \/>\nsobota<br \/>\n10.15<\/p>\n<p>&nbsp;<\/p>\n<p>&nbsp;<\/p>\n<p>URNIK VEROUKA &#8211; ZIDANI MOST<\/p>\n<p>1., 2. in 3. razred<br \/>\nponedeljek<br \/>\n13<br \/>\n4. in 5. razred<br \/>\nponedeljek<br \/>\n13.45<br \/>\n6. in 7. razred<br \/>\nponedeljek<br \/>\n14.40<br \/>\n8. in 9. razred<br \/>\ntorek<br \/>\n14.40<\/p>\n<p><!-- 410711d4971a6efa48067f0b514c08ca --><\/div>","protected":false},"excerpt":{"rendered":"<p>Verouk VEROUK TA TEDEN 2.4.2018 &#8211; 8.4.2018 \u017de dolgo se Slovenci v maju spominjamo Marije in mu pravimo kar Marijin mesec. V eni izmed \u017eupnijskih cerkva bodo vsak ve\u010der \u0161marnice, kjer se bomo zbrali in razmi\u0161ljali o Mariji. Vsi vabljeni, posebej prvoobhajanci, birmanci in star\u0161i. \u00a0 Sre\u010danja s prvoobhajanci in star\u0161i: Zidani most: ponedeljek po [&hellip;]<\/p>","protected":false},"author":1,"featured_media":0,"parent":0,"menu_order":0,"comment_status":"closed","ping_status":"closed","template":"visual-builder-template.php","meta":[],"_links":{"self":[{"href":"https:\/\/zupnijaloka.si\/sl\/wp-json\/wp\/v2\/pages\/1855"}],"collection":[{"href":"https:\/\/zupnijaloka.si\/sl\/wp-json\/wp\/v2\/pages"}],"about":[{"href":"https:\/\/zupnijaloka.si\/sl\/wp-json\/wp\/v2\/types\/page"}],"author":[{"embeddable":true,"href":"https:\/\/zupnijaloka.si\/sl\/wp-json\/wp\/v2\/users\/1"}],"replies":[{"embeddable":true,"href":"https:\/\/zupnijaloka.si\/sl\/wp-json\/wp\/v2\/comments?post=1855"}],"version-history":[{"count":24,"href":"https:\/\/zupnijaloka.si\/sl\/wp-json\/wp\/v2\/pages\/1855\/revisions"}],"predecessor-version":[{"id":2349,"href":"https:\/\/zupnijaloka.si\/sl\/wp-json\/wp\/v2\/pages\/1855\/revisions\/2349"}],"wp:attachment":[{"href":"https:\/\/zupnijaloka.si\/sl\/wp-json\/wp\/v2\/media?parent=1855"}],"curies":[{"name":"wp","href":"https:\/\/api.w.org\/{rel}","templated":true}]}}