{"id":2100,"date":"2018-06-26T08:01:56","date_gmt":"2018-06-26T07:01:56","guid":{"rendered":"https:\/\/zupnijaloka.si\/?page_id=2100"},"modified":"2018-06-26T08:05:32","modified_gmt":"2018-06-26T07:05:32","slug":"pravno-obvestilo","status":"publish","type":"page","link":"https:\/\/zupnijaloka.si\/sl\/pravno-obvestilo\/","title":{"rendered":"PRAVNO OBVESTILO"},"content":{"rendered":"<p>Na podlagi Zakona o avtorskih in sorodnih pravicah (ZASP) je \u017eupnija Loka pri Zidanem Mostu, Marija \u0160irje &#8211; Zidani Most, Razbor pod Lisco (v nadaljevanju \u017eupnija) nosilec materialnih avtorskih pravic nad vsebinami v naj\u0161ir\u0161em pomenu (besedila, fotografije, skice, zemljevidi in na\u010drti, avdio \u2013 video posnetki) objavljenimi na spletnem mestu www.zupnijaloka.si. Prepovedano je vsakr\u0161no kopiranje, prepisovanje, razmno\u017eevanje in kakr\u0161nokoli raz\u0161irjanje v komercialne namene brez pisnega dovoljenja \u017eupnije.<\/p>\n<p>Z zakonom (ZASP, \u010dleni 48, 49, 51) sta izjemoma dovoljena uporaba oziroma reproduciranje avtorskega dela na podlagi pravice javnosti do obve\u0161\u010denosti, v izobra\u017eevalne namene ter za ponazoritev, soo\u010denje in napotitev v citatni obliki, vendar je pri tem obvezno navesti vir in avtorstvo dela. Po 50. \u010dlenu ZASP-a sta dovoljena tudi uporaba in reproduciranje avtorskega dela v omejenem \u0161tevilu za zasebno, nekomercialno rabo.<\/p>\n<h3>Varstvo osebnih podatkov<\/h3>\n<p>\u017dupnija samodejno zbira podatke o uporabi teh strani, predvsem podatke, katere strani so najve\u010dkrat obiskane, koliko obiskovalcev dnevno obi\u0161\u010de te strani in koliko \u010dasa obiskovalci ostanejo na posamezni strani. Ti podatki ne omogo\u010dajo vpogleda v osebne podatke uporabnikov. \u017dupnija podatke o obiskanosti www.zupnijaloka.si uporablja za lastne potrebe.<\/p>\n<p>Kakr\u0161nekoli podatke, ki jih bo \u017eupnija pridobila na kakr\u0161enkoli na\u010din preko spletnih strani, so namenjeni izklju\u010dno za lastno rabo \u017eupnije in jih bo \u017eupnija varovala v skladu z Zakonom o varstvu osebnih podatkov (Ur. list RS \u0161t. 59\/1999, 57\/2001, 59\/2001) in Obligacijskem zakoniku.<\/p>\n<p>\u017dupnija osebnih podatkov uporabnikov ne bo posredovalo nobeni drugi, fizi\u010dni ali pravni, osebi.<\/p>\n<h3>Omejitev odgovornosti<\/h3>\n<p>\u017dupnija se obvezuje, da bo v dobri veri in v okviru svojih zmo\u017enosti skrbela za pravilnost in a\u017eurnost objavljenih vsebin na spletnem mestu.<\/p>\n<p>S tem omenjena \u017eupnija ne izklju\u010duje mo\u017enosti za pojav napak med vsebinami objavljenimi na spletnih straneh. Zato so informacije posredovane prek te spletne strani zgolj informativne narave, saj \u017eupnija ne more prevzeti odgovornosti za njihovo absolutno to\u010dnost.<\/p>\n<p>\u017dupnija niti druga pravna ali fizi\u010dna oseba, ki je sodelovala pri izdelavi spletnega mesta ali \u0161e sodeluje pri nadgradnjah spletnega mesta ne more biti odgovorna za navadno \u0161kodo ali izgubljeni dobi\u010dek ali nepremo\u017eenjsko \u0161kodo, ki bi lahko uporabniku nastala zaradi uporabe spletnega mesta ali nezmo\u017enosti uporabe le-tega.<\/p>\n<p>\u017dupnija se bo trudila za nemoteno delovanje spletnega mesta, vendar ne more biti odgovorna za navadno \u0161kodo ali izgubljeni dobi\u010dek ali nepremo\u017eenjsko \u0161kodo, ki bi lahko uporabniku nastala zaradi motenega delovanja spletnega mesta.<\/p>\n<p>\u017dupnija lahko kadarkoli brez predhodnega obvestila spremeni spletno mesto.<\/p>\n<h3>Omejitev uporabe informacij in gradiv<\/h3>\n<p>Informacije in gradiva, ki so prikazana na tem spletnem mestu, lahko uporabnik nalo\u017ei iz stre\u017enika za svojo osebno, doma\u010do rabo, pri \u010demer ne sme spreminjati ozna\u010db avtorskih pravic, drugih obvestil o pravicah intelektualne lastnine ali obvestil o drugih pravicah. Dovoljeno je nalaganje in tiskanje informacij in gradiv z namenom ogledovanja in branja za nekomercialne namene. Vsako drugo kopiranje, distribuiranje, ponovno objavljanje, spreminjanje informacij in gradiv na www.zupnijaloka.si ali njihovo po\u0161iljanje po po\u0161ti ter raz\u0161irjanje na kakr\u0161enkoli drug na\u010din brez predhodnega pisnega dovoljenja, je prepovedano. Prav tako je prepovedana uporaba kateregakoli elementa www.zupnijaloka.si za kakr\u0161nekoli druge namene, kot za izklju\u010dno osebno, nekomercialno, doma\u010do rabo. \u017dupnija ne odgovarja za obliko in vsebino spletnih strani, ki so na kakr\u0161enkoli na\u010din povezane s spletnim mestom www.zupnijaloka.si. Pri obisku in uporabi povezanih spletnih mest je odgovornost \u017eupnije za vse primere izklju\u010dena.<\/p>\n<h3>Hipertekstualne povezave<\/h3>\n<p>Narava svetovnega spleta in spletnega mesta www.zupnijaloka.si onemogo\u010da nadzor nad vsebinami, do katerih vodijo hipertekstualne povezave (linki) s tega spletnega mesta. Zaradi tega \u017eupnija ne prevzema nikakr\u0161ne odgovornosti za vsebine, ki so uporabniku dostopne preko teh povezav.<\/p>\n<h3>Ne\/spo\u0161tovanje dolo\u010db iz Pravnega obvestila<\/h3>\n<p>\u017dupnija in avtorji vsebin, objavljenih na spletnem mestu, od uporabnika pri\u010dakujejo, da bo spo\u0161toval zapisane dolo\u010dbe in zakone s podro\u010dja varovanja zasebnosti, prava intelektualne lastnine ter avtorskega prava.<\/p>\n<p>V nasprotnem primeru bodo ob odkritju zlorabe in kr\u0161enja zakonov proti storilcu prisiljeni ukrepati.<\/p>\n<h3>Splo\u0161no<\/h3>\n<p>Za morebitne spore iz naslova uporabe spletnega mesta se uporabi slovenska zakonodaja. Za re\u0161itev morebitnih sporov je pristojno ustrezno sodi\u0161\u010de. Z uporabo spletnega mesta uporabnik potrjuje, da je sprejel tu opisane pogoje in da se z njimi strinja.<\/p>","protected":false},"excerpt":{"rendered":"<p>Na podlagi Zakona o avtorskih in sorodnih pravicah (ZASP) je \u017eupnija Loka pri Zidanem Mostu, Marija \u0160irje &#8211; Zidani Most, Razbor pod Lisco (v nadaljevanju \u017eupnija) nosilec materialnih avtorskih pravic nad vsebinami v naj\u0161ir\u0161em pomenu (besedila, fotografije, skice, zemljevidi in na\u010drti, avdio \u2013 video posnetki) objavljenimi na spletnem mestu www.zupnijaloka.si. Prepovedano je vsakr\u0161no kopiranje, prepisovanje, [&hellip;]<\/p>","protected":false},"author":1,"featured_media":0,"parent":0,"menu_order":0,"comment_status":"closed","ping_status":"closed","template":"","meta":[],"_links":{"self":[{"href":"https:\/\/zupnijaloka.si\/sl\/wp-json\/wp\/v2\/pages\/2100"}],"collection":[{"href":"https:\/\/zupnijaloka.si\/sl\/wp-json\/wp\/v2\/pages"}],"about":[{"href":"https:\/\/zupnijaloka.si\/sl\/wp-json\/wp\/v2\/types\/page"}],"author":[{"embeddable":true,"href":"https:\/\/zupnijaloka.si\/sl\/wp-json\/wp\/v2\/users\/1"}],"replies":[{"embeddable":true,"href":"https:\/\/zupnijaloka.si\/sl\/wp-json\/wp\/v2\/comments?post=2100"}],"version-history":[{"count":3,"href":"https:\/\/zupnijaloka.si\/sl\/wp-json\/wp\/v2\/pages\/2100\/revisions"}],"predecessor-version":[{"id":2106,"href":"https:\/\/zupnijaloka.si\/sl\/wp-json\/wp\/v2\/pages\/2100\/revisions\/2106"}],"wp:attachment":[{"href":"https:\/\/zupnijaloka.si\/sl\/wp-json\/wp\/v2\/media?parent=2100"}],"curies":[{"name":"wp","href":"https:\/\/api.w.org\/{rel}","templated":true}]}}