{"id":2205,"date":"2019-04-04T12:24:04","date_gmt":"2019-04-04T11:24:04","guid":{"rendered":"https:\/\/zupnijaloka.si\/?page_id=2205"},"modified":"2019-04-04T12:43:54","modified_gmt":"2019-04-04T11:43:54","slug":"molitvenik","status":"publish","type":"page","link":"https:\/\/zupnijaloka.si\/sl\/molitvenik\/","title":{"rendered":"MOLITVENIK"},"content":{"rendered":"<div class=\"fw-page-builder-content\">\n<h1 class=\"fw-special-title\">OSNOVNE MOLITVE<\/h1>\n<h2 class=\"fw-special-title\">V imenu O\u010deta in Sina in Svetega Duha. Amen.<\/h2>\n<h3 class=\"fw-special-title\">2.4.2018 &#8211; 8.4.2018<\/h3>\n<h5 class=\"fw-special-title\">O\u010cE NA\u0160<\/h5>\n<p> O\u010de na\u0161, ki si v nebesih, posve\u010deno bodi tvoje ime, pridi k nam tvoje kraljestvo, zgodi se tvoja volja kakor v nebesih tako na zemlji. Daj nam danes na\u0161 vsakdanji kruh in odpusti nam na\u0161e dolge, kakor tudi mi odpu\u0161\u010damo svojim dol\u017enikom, in ne vpelji nas v sku\u0161njavo, temve\u010d re\u0161i nas hudega. Amen.<\/p>\n<h5 class=\"fw-special-title\">ZDRAVA MARIJA<\/h5>\n<p> Zdrava, Marija, milosti polna, Gospod je s teboj, blagoslovljena si med \u017eenami in blagoslovljen je sad tvojega telesa, Jezus. Sveta Marija, Mati bo\u017eja, prosi za nas gre\u0161nike, zdaj in ob na\u0161i smrtni uri. Amen. <\/p>\n<h5 class=\"fw-special-title\">SLAVA O\u010cETU<\/h5>\n<p> Slava O\u010detu in Sinu in Svetemu Duhu, kakor je bilo v za\u010detku, tako zdaj in vselej in vekomaj. Amen. <\/p>\n<h5 class=\"fw-special-title\">JUTRANJA MOLITEV<\/h5>\n<p> Tebe ljubim, Stvarnik moj, ti si ohranil me nocoj; tebi delo posvetim, du\u0161o in telo izro\u010dim. &#8211; O Marija, vodi me po nedol\u017eni poti in ob smrti pridi mi z Jezusom naproti.<br \/>\n Sveti angel, varuh moj, bodi vedno ti z menoj: Stoj mi no\u010d in dan ob strani, vsega hudega me brani! Prav prisr\u010dno prosim te, varuj me in vodi me. Amen.<\/p>\n<h5 class=\"fw-special-title\">VE\u010cERNA MOLITEV<\/h5>\n<p> O Jezus, blagoslovi me, odpusti grehe moje; po svoji ljubi Materi me sprejmi v srce svoje. &#8211; Naj v tvojem svetem varstvu spim, v ljubezni tvoji se zbudim; in v zadnji uri milost daj, da pridem k tebi v sveti raj. &#8211; Vse dobro star\u0161em vra\u010daj, v nebesih jim popla\u010daj. In vernih du\u0161 usmili se, da bodo tebe gledale.<\/p>\n<h5 class=\"fw-special-title\">KESANJE<\/h5>\n<p> Moj Bog, \u017eal mi je, da sem gre\u0161il in \u017ealil tebe, ki si moj najbolj\u0161i O\u010de. Trdno sklenem, da se bom pobolj\u0161al. Pomagaj mi s svojo milostjo. Amen.<\/p>\n<h5 class=\"fw-special-title\">MOLITEV K MATERI BO\u017dJI <\/h5>\n<p> O Gospa moja, o Mati moja,tebi se vsega darujem; in da se ti vdanega ska\u017eem, ti danes posvetim: svoje o\u010di, svoja u\u0161esa, svoja usta in svoje srce, sebe popolnoma vsega. Ker sem torej tvoj, o dobra Mati, varuj me, brani me kakor svojo last in posest. Amen.<br \/>\n Pod tvoje varstvo pribe\u017eimo, o sveta Bo\u017eja Porodnica, ne zavrzi na\u0161ih pro\u0161enj v na\u0161ih potrebah, temve\u010d re\u0161i nas vselej vseh nevarnosti, o \u010dastitljiva in blagoslovljena Devica, na\u0161a Gospa, na\u0161a srednica, na\u0161a besednica! S svojim Sinom nas spravi, svojemu Sinu nas priporo\u010di, svojemu Sinu nas izro\u010di.<\/p>\n<h5 class=\"fw-special-title\">MOJ BOG<\/h5>\n<p> Moj bog, \u017eal mi je, da sem gre\u0161il in \u017ealil tebe, ki si moj najbolj\u0161i O\u010de. Trdno sklenem, da se bom pobolj\u0161al. Pomagam mi s svojo milostjo. Amen.<\/p>\n<h5 class=\"fw-special-title\">JEZUS, VERUJEM V TE<\/h5>\n<p> Jezus, verujem v te; Jezus, upam v te; Jezus ljubim te nad vse. \u2013 Jezus tebi \u017eivim, Jezus tebi umrjem; Jezus, tvoj sem \u017eiv in mrtev. Amen.<\/p>\n<h5 class=\"fw-special-title\">MOLITEV PRED JEDJO<\/h5>\n<p> Gospod, blagoslovi nas in te darove, ki jih bomo po tvoji dobroti prejeli. Po Kristusu, na\u0161em Gospodu. Amen.<\/p>\n<h5 class=\"fw-special-title\">MOLITEV PO JEDI<\/h5>\n<p> Zahvaljujemo se ti, vsemogo\u010dni Bog, za tvoje dobrote, ki \u017eivi\u0161 in kraljuje\u0161 vekomaj. Amen.<\/p>\n<h5 class=\"fw-special-title\">APOSTOLSKA VEROIZPOVED<\/h5>\n<p> Verujem v Boga O\u010deta vsemogo\u010dnega, Stvarnika nebes in zemlje. In v Jezusa Kristusa, Sina njegovega edinega, Gospoda na\u0161ega; ki je bil spo\u010det od Svetega Duha, rojen iz Marije Device; trpel pod Poncijem Pilatom, kri\u017ean bil, umrl in bil v grob polo\u017een; \u0161el pred pekel, tretji dan od mrtvih vstal; \u0161el v nebesa; sedi na desnici Boga O\u010deta vsemogo\u010dnega; od ondod bo pri\u0161el sodit \u017eive in mrtve. Verujem v Svetega Duha; sveto katoli\u0161ko Cerkev, ob\u010destvo svetnikov, odpu\u0161\u010danje grehov, vstajenje mesa in ve\u010dno \u017eivljenje. Amen.<\/p>\n<h5 class=\"fw-special-title\">NICEJSKO-CARIGRAJSKA VEROIZPOVED<\/h5>\n<p> Verujem v enega Boga, O\u010deta vsemogo\u010dnega, stvarnika nebes in zemlje, vseh vidnih in nevidnih stvari. In v enega Gospoda Jezusa Kristusa, edinorojenega Sina Bo\u017ejega, ki je rojen pred vsemi veki in je Bog od Boga, Lu\u010d od Lu\u010di, pravi Bog od pravega Boga. Rojen, ne ustvarjen, enega bistva z O\u010detom in je po njem vse ustvarjeno. Ki je zaradi nas ljudi in zaradi na\u0161ega zveli\u010danja pri\u0161el iz nebes. In se je utelesil po Svetem Duhu iz Marije Device in postal \u010dlovek. Bil je tudi kri\u017ean za nas pod Poncijem Pilatom, je trpel in bil v grob polo\u017een. In tretji dan je od mrtvih vstal, po pri\u010devanju Pisma. In je \u0161el v nebesa, sedi na O\u010detovi desnici. In bo spet pri\u0161el v slavi sodit \u017eive in mrtve; in njegovemu kraljestvu ne bo konca. Verujem v Svetega Duha, Gospoda, ki o\u017eivlja. Ki izhaja iz O\u010deta in Sina. Ki ga z O\u010detom in Sinom molimo in slavimo. Ki je govoril po prerokih. In eno, sveto, katoli\u0161ko in apostolsko Cerkev. Priznavam en krst v odpu\u0161\u010danje grehov. In pri\u010dakujem vstajenja mrtvih in \u017eivljenja v prihodnjem veku. Amen.<\/p>\n<p>&nbsp;<\/p>\n<p>URNIK VEROUKA &#8211; LOKA<\/p>\n<p>1.\u00a0\u00a0\u00a0\u00a0 in 2. razred<br \/>\npetek<br \/>\n14.15<br \/>\n3.\u00a0\u00a0\u00a0\u00a0 razred<br \/>\ntorek<br \/>\n13.30<br \/>\n4. in 5. razred<br \/>\npetek<br \/>\n15<br \/>\n6. in 7. razred<br \/>\npetek<br \/>\n15.40<br \/>\n8. in 9. razred<br \/>\nponedeljek<br \/>\n15.40<\/p>\n<p>&nbsp;<\/p>\n<p>&nbsp;<\/p>\n<p>URNIK VEROUKA &#8211; RAZBOR<\/p>\n<p>1., 2. in 3. razred<br \/>\nsobota<br \/>\n9<br \/>\n4. in 5. razred<br \/>\nsobota<br \/>\n9.45<br \/>\n7. in 8. razred<br \/>\nsobota<br \/>\n10.15<\/p>\n<p>&nbsp;<\/p>\n<p>&nbsp;<\/p>\n<p>URNIK VEROUKA &#8211; ZIDANI MOST<\/p>\n<p>1., 2. in 3. razred<br \/>\nponedeljek<br \/>\n13<br \/>\n4. in 5. razred<br \/>\nponedeljek<br \/>\n13.45<br \/>\n6. in 7. razred<br \/>\nponedeljek<br \/>\n14.40<br \/>\n8. in 9. razred<br \/>\ntorek<br \/>\n14.40<\/p>\n<p><!-- d2ca2e4a2dbf89178781c7acc7e083fe --><\/div>","protected":false},"excerpt":{"rendered":"<p>OSNOVNE MOLITVE V imenu O\u010deta in Sina in Svetega Duha. Amen. 2.4.2018 &#8211; 8.4.2018 O\u010cE NA\u0160 O\u010de na\u0161, ki si v nebesih, posve\u010deno bodi tvoje ime, pridi k nam tvoje kraljestvo, zgodi se tvoja volja kakor v nebesih tako na zemlji. Daj nam danes na\u0161 vsakdanji kruh in odpusti nam na\u0161e dolge, kakor tudi mi [&hellip;]<\/p>","protected":false},"author":1,"featured_media":0,"parent":0,"menu_order":0,"comment_status":"closed","ping_status":"closed","template":"visual-builder-template.php","meta":[],"_links":{"self":[{"href":"https:\/\/zupnijaloka.si\/sl\/wp-json\/wp\/v2\/pages\/2205"}],"collection":[{"href":"https:\/\/zupnijaloka.si\/sl\/wp-json\/wp\/v2\/pages"}],"about":[{"href":"https:\/\/zupnijaloka.si\/sl\/wp-json\/wp\/v2\/types\/page"}],"author":[{"embeddable":true,"href":"https:\/\/zupnijaloka.si\/sl\/wp-json\/wp\/v2\/users\/1"}],"replies":[{"embeddable":true,"href":"https:\/\/zupnijaloka.si\/sl\/wp-json\/wp\/v2\/comments?post=2205"}],"version-history":[{"count":16,"href":"https:\/\/zupnijaloka.si\/sl\/wp-json\/wp\/v2\/pages\/2205\/revisions"}],"predecessor-version":[{"id":2240,"href":"https:\/\/zupnijaloka.si\/sl\/wp-json\/wp\/v2\/pages\/2205\/revisions\/2240"}],"wp:attachment":[{"href":"https:\/\/zupnijaloka.si\/sl\/wp-json\/wp\/v2\/media?parent=2205"}],"curies":[{"name":"wp","href":"https:\/\/api.w.org\/{rel}","templated":true}]}}