{"id":2225,"date":"2019-04-04T11:50:35","date_gmt":"2019-04-04T10:50:35","guid":{"rendered":"https:\/\/zupnijaloka.si\/?page_id=2225"},"modified":"2023-02-27T17:04:15","modified_gmt":"2023-02-27T16:04:15","slug":"duhovnost","status":"publish","type":"page","link":"https:\/\/zupnijaloka.si\/sl\/duhovnost\/","title":{"rendered":"DUHOVNOST"},"content":{"rendered":"<div class=\"fw-page-builder-content\">\n<h1 class=\"fw-special-title\">Za rast in dozorevanje v veri<\/h1>\n<p style=\"text-align: center;\">\u201cVerujem v enega Boga, O\u010deta vsemogo\u010dnega, stvarnika nebes in zemlje, vseh vidnih in nevidnih stvari. In v enega Gospoda Jezusa Kristusa, edinorojenega Sina Bo\u017ejega, ki je iz O\u010deta rojen pred vsemi veki in je Bog od Boga, Lu\u010d od Lu\u010di, pravi Bog od pravega Boga. Rojen, ne ustvarjen, enega bistva z O\u010detom in je po njem vse ustvarjeno. Ki je zaradi nas ljudi in zaradi na\u0161ega zveli\u010danja pri\u0161el iz nebes. In se je utelesil po Svetem Duhu iz Marije Device in postal \u010dlovek.Bil je tudi kri\u017ean za nas pod Poncijem Pilatom,je trpel in bil v grob polo\u017een. In tretji dan je od mrtvih vstal, po pri\u010devanju Pisma. In je \u0161el v nebesa, sedi na O\u010detovi desnici. In bo spet pri\u0161el v slavi sodit \u017eive in mrtve; in njegovemu kraljestvu ne bo konca. Verujem v Svetega Duha,Gospoda, ki o\u017eivlja. Ki izhaja iz O\u010deta in Sina.Ki ga z O\u010detom in Sinom molimo in slavimo. Ki je govoril po prerokih. In eno, sveto, katoli\u0161ko in apostolsko Cerkev. Priznavam en krst v odpu\u0161\u010danje grehov. In pri\u010dakujem vstajenja mrtvih in \u017eivljenja v prihodnjem veku.<\/p>\n<p style=\"text-align: center;\">Amen.\u201d<\/p>\n<p> <a href=\"#sermons\" target=\"_self\" class=\"fw-btn tf-sh-8f4bcfc3d247a4a4b9337738e08bc140 fw-btn-md fw-animated-element anchor fw-btn-4\" data-animation-type=\"fadeInUp\" data-animation-delay=\"300\" style=\"\" rel=\"noopener\"><br \/>\n \u00a0 \u00a0 URNIK SVETIH MA\u0160 \u00a0 \u00a0<br \/>\n <\/a><br \/>\n <img src=\"\/\/zupnijaloka.si\/wp-content\/uploads\/2016\/02\/calendar-icon.png\" alt=\"\" \/> <\/p>\n<h5 class=\"fw-special-title\">MOLITVENIK<\/h5>\n<p> <a href=\"https:\/\/zupnijaloka.si\/molitvenik\/\" target=\"_self\" class=\"fw-btn tf-sh-70f72da5880c41c79bbe3030a8c8e339 fw-btn-lg fw-animated-element fw-btn-1\" data-animation-type=\"fadeInUp\" data-animation-delay=\"300\" style=\"\" rel=\"noopener\"><br \/>\n \u00a0 \u00a0 ODPRI \u00a0 \u00a0<br \/>\n <\/a><\/p>\n<h5 class=\"fw-special-title\">ZAKRAMENTI<\/h5>\n<p> <a href=\"https:\/\/zupnijaloka.si\/zakramenti\/\" target=\"_self\" class=\"fw-btn tf-sh-60fba7b75b726bc7b11b444385d3e322 fw-btn-lg fw-animated-element fw-btn-1\" data-animation-type=\"fadeInUp\" data-animation-delay=\"300\" style=\"\" rel=\"noopener\"><br \/>\n \u00a0 \u00a0 ODPRI \u00a0 \u00a0<br \/>\n <\/a><\/p>\n<h5 class=\"fw-special-title\">ZAPOVEDI<\/h5>\n<p> <a href=\"https:\/\/zupnijaloka.si\/zapovedi\/\" target=\"_self\" class=\"fw-btn tf-sh-b628c66cb7b5f9dabcce1e0d78e2c869 fw-btn-lg fw-animated-element fw-btn-1\" data-animation-type=\"fadeInUp\" data-animation-delay=\"300\" style=\"\" rel=\"noopener\"><br \/>\n \u00a0 \u00a0 ODPRI \u00a0 \u00a0<br \/>\n <\/a><br \/>\n <a href=\"https:\/\/zupnijaloka.si\/masni-nameni\/\" target=\"_self\" class=\"fw-btn tf-sh-2b0d995e945c42440ccf8ec102abd590 fw-btn-lg fw-animated-element fw-btn-1\" data-animation-type=\"fadeInUp\" data-animation-delay=\"300\" style=\"\" rel=\"noopener\"><br \/>\n \u00a0 \u00a0 ODPRI \u00a0 \u00a0<br \/>\n <\/a><br \/>\n <a href=\"https:\/\/zupnijaloka.si\/masni-nameni\/\" target=\"_self\" class=\"fw-btn tf-sh-f72297db20225751d875d9d058b6e972 fw-btn-lg fw-animated-element fw-btn-1\" data-animation-type=\"fadeInUp\" data-animation-delay=\"300\" style=\"\" rel=\"noopener\"><br \/>\n \u00a0 \u00a0 ODPRI \u00a0 \u00a0<br \/>\n <\/a><br \/>\n <a href=\"https:\/\/zupnijaloka.si\/masni-nameni\/\" target=\"_self\" class=\"fw-btn tf-sh-f771a96c35029e5148685dc8b47da624 fw-btn-lg fw-animated-element fw-btn-1\" data-animation-type=\"fadeInUp\" data-animation-delay=\"300\" style=\"\" rel=\"noopener\"><br \/>\n \u00a0 \u00a0 ODPRI \u00a0 \u00a0<br \/>\n <\/a><\/p>\n<h5 class=\"fw-special-title\">OBRED SPOVEDI<\/h5>\n<p> <a href=\"https:\/\/zupnijaloka.si\/obred_spovedi\/\" target=\"_self\" class=\"fw-btn tf-sh-8db722bc116f6a435a2d5044339ecd4d fw-btn-lg fw-animated-element fw-btn-1\" data-animation-type=\"fadeInUp\" data-animation-delay=\"300\" style=\"\" rel=\"noopener\"><br \/>\n \u00a0 \u00a0 ODPRI \u00a0 \u00a0<br \/>\n <\/a><\/p>\n<h5 class=\"fw-special-title\">RO\u017dNI VENEC<\/h5>\n<p> <a href=\"https:\/\/zupnijaloka.si\/rozni_venec_link\/\" target=\"_self\" class=\"fw-btn tf-sh-6f46ba1845f14926fdfbf171f9b45e1f fw-btn-lg fw-animated-element fw-btn-1\" data-animation-type=\"fadeInUp\" data-animation-delay=\"300\" style=\"\" rel=\"noopener\"><br \/>\n \u00a0 \u00a0 ODPRI \u00a0 \u00a0<br \/>\n <\/a><\/p>\n<h5 class=\"fw-special-title\">LITANIJE<\/h5>\n<p> <a href=\"https:\/\/zupnijaloka.si\/litanije_link\/\" target=\"_self\" class=\"fw-btn tf-sh-f25eff701677c4a72b3dff0c83e2dbbd fw-btn-lg fw-animated-element fw-btn-1\" data-animation-type=\"fadeInUp\" data-animation-delay=\"300\" style=\"\" rel=\"noopener\"><br \/>\n \u00a0 \u00a0 ODPRI \u00a0 \u00a0<br \/>\n <\/a><br \/>\n <a href=\"https:\/\/zupnijaloka.si\/masni-nameni\/\" target=\"_self\" class=\"fw-btn tf-sh-6ddfa3ba2d9729a76ac63b8169463347 fw-btn-lg fw-animated-element fw-btn-1\" data-animation-type=\"fadeInUp\" data-animation-delay=\"300\" style=\"\" rel=\"noopener\"><br \/>\n \u00a0 \u00a0 ODPRI \u00a0 \u00a0<br \/>\n <\/a><br \/>\n <a href=\"https:\/\/zupnijaloka.si\/masni-nameni\/\" target=\"_self\" class=\"fw-btn tf-sh-1360844a6c55ac62be7694ee42f8e027 fw-btn-lg fw-animated-element fw-btn-1\" data-animation-type=\"fadeInUp\" data-animation-delay=\"300\" style=\"\" rel=\"noopener\"><br \/>\n \u00a0 \u00a0 ODPRI \u00a0 \u00a0<br \/>\n <\/a><br \/>\n <a href=\"https:\/\/zupnijaloka.si\/masni-nameni\/\" target=\"_self\" class=\"fw-btn tf-sh-d5d89fb7d74ceaea9152b0830da1ffb6 fw-btn-lg fw-animated-element fw-btn-1\" data-animation-type=\"fadeInUp\" data-animation-delay=\"300\" style=\"\" rel=\"noopener\"><br \/>\n \u00a0 \u00a0 ODPRI \u00a0 \u00a0<br \/>\n <\/a><\/p>\n<h5 class=\"fw-special-title\">IZRO\u010cITEV BO\u017dJI MATERI MARIJI<\/h5>\n<p> (15. avgust)<br \/>\n <a href=\"https:\/\/zupnijaloka.si\/izrocitev-bozji-materi-mariji\/\" target=\"_self\" class=\"fw-btn tf-sh-42d3f38570ed31af5110aac54effac5d fw-btn-lg fw-animated-element fw-btn-1\" data-animation-type=\"fadeInUp\" data-animation-delay=\"300\" style=\"\" rel=\"noopener\"><br \/>\n \u00a0 \u00a0 ODPRI \u00a0 \u00a0<br \/>\n <\/a><\/p>\n<h5 class=\"fw-special-title\">Molitev za zdravje v \u010dasu epidemije koronavirusa COVID-19<\/h5>\n<p> <a href=\"https:\/\/zupnijaloka.si\/molitev_v_casu_epidemije_covid-19\/\" target=\"_self\" class=\"fw-btn tf-sh-8c81d4aa6ebc510fce1bc10cfcbdee63 fw-btn-lg fw-animated-element fw-btn-1\" data-animation-type=\"fadeInUp\" data-animation-delay=\"300\" style=\"\" rel=\"noopener\"><br \/>\n \u00a0 \u00a0 ODPRI \u00a0 \u00a0<br \/>\n <\/a><\/p>\n<h5 class=\"fw-special-title\">POSTNI \u010cAS<\/h5>\n<p> <a href=\"https:\/\/zupnijaloka.si\/postni_cas_2023\/\" target=\"_self\" class=\"fw-btn tf-sh-c5de22fa8cc90df1a1d306ba99736f53 fw-btn-lg fw-animated-element fw-btn-1\" data-animation-type=\"fadeInUp\" data-animation-delay=\"300\" style=\"\" rel=\"noopener\"><br \/>\n \u00a0 \u00a0 ODPRI \u00a0 \u00a0<br \/>\n <\/a><\/p>\n<p><!-- 0ae4fe6ea00091e64cce22b52d5111da --><\/div>","protected":false},"excerpt":{"rendered":"<p>Za rast in dozorevanje v veri \u201cVerujem v enega Boga, O\u010deta vsemogo\u010dnega, stvarnika nebes in zemlje, vseh vidnih in nevidnih stvari. In v enega Gospoda Jezusa Kristusa, edinorojenega Sina Bo\u017ejega, ki je iz O\u010deta rojen pred vsemi veki in je Bog od Boga, Lu\u010d od Lu\u010di, pravi Bog od pravega Boga. Rojen, ne ustvarjen, enega [&hellip;]<\/p>","protected":false},"author":1,"featured_media":0,"parent":0,"menu_order":0,"comment_status":"closed","ping_status":"closed","template":"visual-builder-template.php","meta":[],"_links":{"self":[{"href":"https:\/\/zupnijaloka.si\/sl\/wp-json\/wp\/v2\/pages\/2225"}],"collection":[{"href":"https:\/\/zupnijaloka.si\/sl\/wp-json\/wp\/v2\/pages"}],"about":[{"href":"https:\/\/zupnijaloka.si\/sl\/wp-json\/wp\/v2\/types\/page"}],"author":[{"embeddable":true,"href":"https:\/\/zupnijaloka.si\/sl\/wp-json\/wp\/v2\/users\/1"}],"replies":[{"embeddable":true,"href":"https:\/\/zupnijaloka.si\/sl\/wp-json\/wp\/v2\/comments?post=2225"}],"version-history":[{"count":20,"href":"https:\/\/zupnijaloka.si\/sl\/wp-json\/wp\/v2\/pages\/2225\/revisions"}],"predecessor-version":[{"id":2888,"href":"https:\/\/zupnijaloka.si\/sl\/wp-json\/wp\/v2\/pages\/2225\/revisions\/2888"}],"wp:attachment":[{"href":"https:\/\/zupnijaloka.si\/sl\/wp-json\/wp\/v2\/media?parent=2225"}],"curies":[{"name":"wp","href":"https:\/\/api.w.org\/{rel}","templated":true}]}}