{"id":2250,"date":"2019-04-05T19:43:33","date_gmt":"2019-04-05T18:43:33","guid":{"rendered":"https:\/\/zupnijaloka.si\/?page_id=2250"},"modified":"2019-04-06T10:12:15","modified_gmt":"2019-04-06T09:12:15","slug":"zapovedi","status":"publish","type":"page","link":"https:\/\/zupnijaloka.si\/sl\/zapovedi\/","title":{"rendered":"ZAPOVEDI"},"content":{"rendered":"<div class=\"fw-page-builder-content\">\n<h1 class=\"fw-special-title\">DESET BO\u017dJIH ZAPOVEDI<\/h1>\n<h5 class=\"fw-special-title\">\u017dIVLJENJE PO BO\u017dJIH ZAPOVEDIH<\/h5>\n<p> Po Adamovem grehu je \u010dloveku razum otemnel, volja za delati dobro pa je oslabela. Zato je Bog, ki \u010dloveka ljubi, zakone \u010dlove\u0161ke narave tudi posebej razodel. Na Sinaju je med gromom in bliskom ter bu\u010danjem trombe Izraelcem dal deset zapovedi. V njih je slovesno, javno in dolo\u010dno povedal, kaj je njegova volja. Zapovedi so \u010dloveku ka\u017eipot k sre\u010di na svetu in v nebesih.<br \/>\n Kristus je zapovedi potrdil in dopolnil. Rekel je: \u00bbNe mislite, da sem pri\u0161el razvezat postavo ali preroke; ne razvezovat, marve\u010d dopolnit sem jih pri\u0161el. \u00bbKristus je razlo\u017eil pomen zapovedi in vsem ljudem ukazal, da jih spolnjujejo; s svojim zgledom je pokazal, kako naj jih spolnjujejo.<br \/>\n Bog nam je dal zapovedi zato, ker \u017eeli, da bi \u017eiveli v dobrih odnosih z Njim, v dobrih odnosih z na\u0161im so\u010dlovekom in prav urejenimi odnosi do samega sebe.<\/p>\n<h5 class=\"fw-special-title\">1.<\/h5>\n<p> Veruj v enega Boga!<\/p>\n<h5 class=\"fw-special-title\">2.<\/h5>\n<p> Ne skruni bo\u017ejega imena!<\/p>\n<h5 class=\"fw-special-title\">3.<\/h5>\n<p> Posve\u010duj Gospodov dan!<\/p>\n<h5 class=\"fw-special-title\">4.<\/h5>\n<p> Spo\u0161tuj o\u010deta in mater, da bo\u0161 dolgo \u017eivel in ti bo dobro na zemlji!<\/p>\n<h5 class=\"fw-special-title\">5.<\/h5>\n<p> Ne ubijaj!<\/p>\n<h5 class=\"fw-special-title\">6.<\/h5>\n<p> Ne ne\u010distuj!<\/p>\n<h5 class=\"fw-special-title\">7.<\/h5>\n<p> Ne kradi!<\/p>\n<h5 class=\"fw-special-title\">8.<\/h5>\n<p> Ne pri\u010daj po krivem!<\/p>\n<h5 class=\"fw-special-title\">9.<\/h5>\n<p> Ne \u017eeli svojega bli\u017enjega \u017eene!<\/p>\n<h5 class=\"fw-special-title\">10.<\/h5>\n<p> Ne \u017eeli svojega bli\u017enjega blaga!<\/p>\n<p><!-- a1548cd916e8ab1fc5d58ac0ff93cb0b --><\/div>","protected":false},"excerpt":{"rendered":"<p>DESET BO\u017dJIH ZAPOVEDI \u017dIVLJENJE PO BO\u017dJIH ZAPOVEDIH Po Adamovem grehu je \u010dloveku razum otemnel, volja za delati dobro pa je oslabela. Zato je Bog, ki \u010dloveka ljubi, zakone \u010dlove\u0161ke narave tudi posebej razodel. Na Sinaju je med gromom in bliskom ter bu\u010danjem trombe Izraelcem dal deset zapovedi. V njih je slovesno, javno in dolo\u010dno povedal, [&hellip;]<\/p>","protected":false},"author":1,"featured_media":0,"parent":0,"menu_order":0,"comment_status":"closed","ping_status":"closed","template":"visual-builder-template.php","meta":[],"_links":{"self":[{"href":"https:\/\/zupnijaloka.si\/sl\/wp-json\/wp\/v2\/pages\/2250"}],"collection":[{"href":"https:\/\/zupnijaloka.si\/sl\/wp-json\/wp\/v2\/pages"}],"about":[{"href":"https:\/\/zupnijaloka.si\/sl\/wp-json\/wp\/v2\/types\/page"}],"author":[{"embeddable":true,"href":"https:\/\/zupnijaloka.si\/sl\/wp-json\/wp\/v2\/users\/1"}],"replies":[{"embeddable":true,"href":"https:\/\/zupnijaloka.si\/sl\/wp-json\/wp\/v2\/comments?post=2250"}],"version-history":[{"count":5,"href":"https:\/\/zupnijaloka.si\/sl\/wp-json\/wp\/v2\/pages\/2250\/revisions"}],"predecessor-version":[{"id":2294,"href":"https:\/\/zupnijaloka.si\/sl\/wp-json\/wp\/v2\/pages\/2250\/revisions\/2294"}],"wp:attachment":[{"href":"https:\/\/zupnijaloka.si\/sl\/wp-json\/wp\/v2\/media?parent=2250"}],"curies":[{"name":"wp","href":"https:\/\/api.w.org\/{rel}","templated":true}]}}