{"id":2259,"date":"2019-04-05T20:11:06","date_gmt":"2019-04-05T19:11:06","guid":{"rendered":"https:\/\/zupnijaloka.si\/?page_id=2259"},"modified":"2019-04-05T20:42:30","modified_gmt":"2019-04-05T19:42:30","slug":"obred_spovedi","status":"publish","type":"page","link":"https:\/\/zupnijaloka.si\/sl\/obred_spovedi\/","title":{"rendered":"OBRED SPOVEDI"},"content":{"rendered":"<div class=\"fw-page-builder-content\">\n<h1 class=\"fw-special-title\">OBRED SPOVEDI<\/h1>\n<h5 class=\"fw-special-title\">Pogoji za dobro opravljeno spoved:<\/h5>\n<p> &#8211; dobro si izpra\u0161ati vest<br \/>\n &#8211; grehe iskreno priznati spovedniku<br \/>\n &#8211; obuditi kesanje svojih grehov<br \/>\n &#8211; narediti trden sklep o pobolj\u0161anju<br \/>\n &#8211; opraviti nalo\u017eeno pokoro<\/p>\n<h5 class=\"fw-special-title\">Pred dobro spovedjo premisli: <\/h5>\n<p> &#8211; Ali grem vsaj enkrat na leto k spovedi ali pa menim, da nimam nobenega greha?<br \/>\n &#8211; Sem vestno opravil pokoro, ki sem jo dobil pri zadnji spovedi?<br \/>\n &#8211; Kdaj sem bil nazadnje pri sveti spovedi?<br \/>\n &#8211; Ali sem kak\u0161en ve\u010dji greh pozabil povedati?<br \/>\n &#8211; Sem kak greh namerno zamol\u010dal?<br \/>\n &#8211; Sem po svojih mo\u010deh povrnil \u0161kodo, ki sem jo povzro\u010dil s svojimi grehi?<br \/>\n &#8211; Sem se trudil, da ne bi ve\u010d gre\u0161il?<br \/>\n &#8211; Sem se varoval tudi gre\u0161ne prilo\u017enosti?<br \/>\n &#8211; Sem se varoval tudi gre\u0161ne prilo\u017enosti?<br \/>\n &#8211; Kateri greh najve\u010dkrat ponavljam in zakaj?<br \/>\n &#8211; Sem se morda na kak greh \u017ee navadil?<br \/>\n &#8211; Sem se trudil za rast v duhovnem \u017eivljenju?<br \/>\n &#8211; Na kaj bom moral biti v prihodnje posebej pozoren?<br \/>\n &#8211; V \u010dem je moj trdni sklep o pobolj\u0161anju?<\/p>\n<h5 class=\"fw-special-title\">Ko sem se pripravil na sveto spoved, stopim v spovednico in po\u010dakam, da duhovnik odpre okence.<\/h5>\n<h5 class=\"fw-special-title\">Duhovnik me pozdravi: <\/h5>\n<p> Hvaljen Jezus!<\/p>\n<h5 class=\"fw-special-title\">Odgovorim:<\/h5>\n<p> Na vekomaj, amen.<\/p>\n<h5 class=\"fw-special-title\">Pokri\u017eam se:<\/h5>\n<p> V imenu O\u010deta&#8230;<\/p>\n<h5 class=\"fw-special-title\">Duhovnik moli:<\/h5>\n<p> Bog, ki razsvetljuje \u010dlove\u0161ka srca, naj ti pomaga, da bo\u0161 prav spoznal\/a svoje grehe in dosegel\/la bo\u017eje usmiljenje.<br \/>\n Amen.<br \/>\n Zadnjikrat sem bil\/a pri sveti spovedi&#8230;<br \/>\n Na kratko se predstavim:<br \/>\n svoj stan (sem poro\u010den\/a, samski\/a), dru\u017eino (mati, o\u010de, dijakinja, \u0161tudent, babica, tast&#8230;)<br \/>\n Moji grehi so: &#8230;<br \/>\n Iskreno povem vse, kar vem, da ni bilo prav pred Bogom. <\/p>\n<h5 class=\"fw-special-title\">Nato zaklju\u010dim z:<\/h5>\n<p> Moj Jezus usmiljenje!<\/p>\n<h5 class=\"fw-special-title\">Duhovnik mi bo sku\u0161al dati kak\u0161en nasvet in povedal, kaj naj storim za pokoro. <\/h5>\n<h5 class=\"fw-special-title\">Potem zmolim kesanje:<\/h5>\n<p> Moj Bog \u017eal mi je, da sem gre\u0161il\/a in \u017ealil\/a tebe, ki si moj najbolj\u0161i O\u010de. Trdno sklenem, da se bom pobolj\u0161al\/a, pomagaj mi s svojo milostjo. Amen.<\/p>\n<h5 class=\"fw-special-title\">Duhovnik mi bo sedaj dal odvezo:<\/h5>\n<p> &#8230;in jaz te odve\u017eem tvojih grehov v imenu O\u010deta in Sina in Svetega Duha.<\/p>\n<h5 class=\"fw-special-title\">Odgovorim: <\/h5>\n<p> Amen.<\/p>\n<h5 class=\"fw-special-title\">Duhovnik:<\/h5>\n<p> Zahvaljujmo se gospodu, ker je dober.<\/p>\n<h5 class=\"fw-special-title\">Odgovor: <\/h5>\n<p> Vekomaj traja Njegova dobrota.<\/p>\n<h5 class=\"fw-special-title\">Duhovnik:<\/h5>\n<p> Bog ti je odpustil grehe. Pojdi v miru.<\/p>\n<h5 class=\"fw-special-title\">Odgovorim:<\/h5>\n<p> Bogu hvala!<\/p>\n<h5 class=\"fw-special-title\">Zapustim spovednico, opravim pokoro, prejemam obhajilo in se z veseljem trudim, da bi bil bolj\u0161i kot doslej.<\/h5>\n<p><!-- d37a50b43308faad2cda0260786703c3 --><\/div>","protected":false},"excerpt":{"rendered":"<p>OBRED SPOVEDI Pogoji za dobro opravljeno spoved: &#8211; dobro si izpra\u0161ati vest &#8211; grehe iskreno priznati spovedniku &#8211; obuditi kesanje svojih grehov &#8211; narediti trden sklep o pobolj\u0161anju &#8211; opraviti nalo\u017eeno pokoro Pred dobro spovedjo premisli: &#8211; Ali grem vsaj enkrat na leto k spovedi ali pa menim, da nimam nobenega greha? &#8211; Sem vestno [&hellip;]<\/p>","protected":false},"author":1,"featured_media":0,"parent":0,"menu_order":0,"comment_status":"closed","ping_status":"closed","template":"visual-builder-template.php","meta":[],"_links":{"self":[{"href":"https:\/\/zupnijaloka.si\/sl\/wp-json\/wp\/v2\/pages\/2259"}],"collection":[{"href":"https:\/\/zupnijaloka.si\/sl\/wp-json\/wp\/v2\/pages"}],"about":[{"href":"https:\/\/zupnijaloka.si\/sl\/wp-json\/wp\/v2\/types\/page"}],"author":[{"embeddable":true,"href":"https:\/\/zupnijaloka.si\/sl\/wp-json\/wp\/v2\/users\/1"}],"replies":[{"embeddable":true,"href":"https:\/\/zupnijaloka.si\/sl\/wp-json\/wp\/v2\/comments?post=2259"}],"version-history":[{"count":6,"href":"https:\/\/zupnijaloka.si\/sl\/wp-json\/wp\/v2\/pages\/2259\/revisions"}],"predecessor-version":[{"id":2264,"href":"https:\/\/zupnijaloka.si\/sl\/wp-json\/wp\/v2\/pages\/2259\/revisions\/2264"}],"wp:attachment":[{"href":"https:\/\/zupnijaloka.si\/sl\/wp-json\/wp\/v2\/media?parent=2259"}],"curies":[{"name":"wp","href":"https:\/\/api.w.org\/{rel}","templated":true}]}}