{"id":2287,"date":"2019-04-05T22:32:04","date_gmt":"2019-04-05T21:32:04","guid":{"rendered":"https:\/\/zupnijaloka.si\/?page_id=2287"},"modified":"2019-04-05T22:35:07","modified_gmt":"2019-04-05T21:35:07","slug":"izrocitev-bozji-materi-mariji","status":"publish","type":"page","link":"https:\/\/zupnijaloka.si\/sl\/izrocitev-bozji-materi-mariji\/","title":{"rendered":"IZRO\u010cITEV BO\u017dJI MATERI MARIJI"},"content":{"rendered":"<div class=\"fw-page-builder-content\">\n<h1 class=\"fw-special-title\">IZRO\u010cITEV BO\u017dJI MATERI MARIJI<\/h1>\n<h5 class=\"fw-special-title\">Presveta Devica Marija! Ti si Jezusova mati, ti si ga pod srcem nosila, ga rodila in z njim pod kri\u017eem trpela. Ti si tudi na\u0161a mati: tvoja materinska roka nas je varovala skozi vso zgodovino.<\/h5>\n<h5 class=\"fw-special-title\">Tebi izro\u010damo sami sebe, da bi v molitvi in pokori spreminjali svoja srca. Tebi izro\u010damo na\u0161e dru\u017eine, da bi bile odprte za \u017eivljenje in da bi mladim odkrivale duhovne vrednote.<\/h5>\n<h5 class=\"fw-special-title\">Tebi izro\u010damo Cerkev na Slovenskem, da bi v zvestobi evangeliju gradila edinost. Tebi izro\u010damo slovensko domovino, da bi napredovala v lu\u010di vere in kr\u0161\u010danskega izro\u010dila. Tebi izro\u010damo na\u0161e rojake po svetu, da bi ostali zvesti Bogu in svoji domovini.<\/h5>\n<h5 class=\"fw-special-title\">Tebi, na\u0161a Mati, se danes vsi skupaj posvetimo. Sprejmi nas v svoje varstvo in nas izro\u010di svojemu Sinu Jezusu, na\u0161emu Odre\u0161eniku, ki \u017eivi in kraljuje vekomaj.<\/h5>\n<h5 class=\"fw-special-title\">Amen.<\/h5>\n<p><!-- a41b5b9d806c483b8ec71c53e5b690a4 --><\/div>","protected":false},"excerpt":{"rendered":"<p>IZRO\u010cITEV BO\u017dJI MATERI MARIJI Presveta Devica Marija! Ti si Jezusova mati, ti si ga pod srcem nosila, ga rodila in z njim pod kri\u017eem trpela. Ti si tudi na\u0161a mati: tvoja materinska roka nas je varovala skozi vso zgodovino. Tebi izro\u010damo sami sebe, da bi v molitvi in pokori spreminjali svoja srca. Tebi izro\u010damo na\u0161e [&hellip;]<\/p>","protected":false},"author":1,"featured_media":0,"parent":0,"menu_order":0,"comment_status":"closed","ping_status":"closed","template":"visual-builder-template.php","meta":[],"_links":{"self":[{"href":"https:\/\/zupnijaloka.si\/sl\/wp-json\/wp\/v2\/pages\/2287"}],"collection":[{"href":"https:\/\/zupnijaloka.si\/sl\/wp-json\/wp\/v2\/pages"}],"about":[{"href":"https:\/\/zupnijaloka.si\/sl\/wp-json\/wp\/v2\/types\/page"}],"author":[{"embeddable":true,"href":"https:\/\/zupnijaloka.si\/sl\/wp-json\/wp\/v2\/users\/1"}],"replies":[{"embeddable":true,"href":"https:\/\/zupnijaloka.si\/sl\/wp-json\/wp\/v2\/comments?post=2287"}],"version-history":[{"count":4,"href":"https:\/\/zupnijaloka.si\/sl\/wp-json\/wp\/v2\/pages\/2287\/revisions"}],"predecessor-version":[{"id":2292,"href":"https:\/\/zupnijaloka.si\/sl\/wp-json\/wp\/v2\/pages\/2287\/revisions\/2292"}],"wp:attachment":[{"href":"https:\/\/zupnijaloka.si\/sl\/wp-json\/wp\/v2\/media?parent=2287"}],"curies":[{"name":"wp","href":"https:\/\/api.w.org\/{rel}","templated":true}]}}