{"id":2373,"date":"2020-03-13T19:35:59","date_gmt":"2020-03-13T18:35:59","guid":{"rendered":"https:\/\/zupnijaloka.si\/?page_id=2373"},"modified":"2020-03-17T12:12:08","modified_gmt":"2020-03-17T11:12:08","slug":"posebno_oznanilo","status":"publish","type":"page","link":"https:\/\/zupnijaloka.si\/sl\/posebno_oznanilo\/","title":{"rendered":"POSEBNO OZNANILO"},"content":{"rendered":"<div class=\"fw-page-builder-content\">\n<h1 class=\"fw-special-title\"> Posebno oznanilo <\/h1>\n<p> <a href=\"https:\/\/zupnijaloka.si\/preprecevanje-okuzbe-z-virusom-sars-cov-2\/\" target=\"_self\" class=\"fw-btn tf-sh-8fb04579a4f1d947c66570b7e03ebdaf fw-btn-lg fw-btn-1\" style=\"\"><br \/>\n Prepre\u010devanje oku\u017ebe z virusom SARS-CoV-2<br \/>\n <\/a><br \/>\n <img src=\"https:\/\/zupnijaloka.si\/wp-content\/uploads\/2019\/12\/Advent_4.jpg\" alt=\"4. Advent\" data-maxdpr=\"1.7\" width=\"160\" class=\"lazyload\" \/> <\/p>\n<h5 class=\"fw-special-title\">Dragi farani \u017eupnij Marija \u0160irje, Loke pri Zidanem Mostu in Razborju!<\/h5>\n<h5 class=\"fw-special-title\">Izredna navodila slovenskih \u0161kofov za prepre\u010devanje \u0161irjenja koronavirusa COVID-19 <\/h5>\n<h5 class=\"fw-special-title\">V izogib \u0161irjenju koronavirusa COVID-19 in za ohranjanje zdravja prebivalstva, so do nadaljnjega odpovedane vse svete ma\u0161e, podeljevanje zakramentov, zakramentalov, ljudske pobo\u017enosti, \u017eupnijska praznovanja in drugi dogodki ter vsa sre\u010danja.<\/h5>\n<h5 class=\"fw-special-title\">Svete ma\u0161e bom redno daroval po sprejetih namenih, vendar izklju\u010dno zasebno, brez prisotnosti vernikov. <\/h5>\n<h5 class=\"fw-special-title\">\u0160kofje ordinariji do preklica podeljujejo slovenskim katoli\u010danom spregled od dol\u017enosti udele\u017ebe pri nedeljski sveti ma\u0161i. Verniki naj nadomestijo odsotnost od svetega bogoslu\u017eja z molitvijo, postom, dobrimi deli, prebiranjem Bo\u017eje besede, spremljanjem svete ma\u0161e po radiu, TV oziroma spletu ter s prejemom duhovnega obhajila. <\/h5>\n<h5 class=\"fw-special-title\">KAKO PREJEMAMO DUHOVNO OBHAJILO:<\/h5>\n<h5 class=\"fw-special-title\">1) Na mirnem kraju se umirimo in se nato pokri\u017eamo.<\/h5>\n<h5 class=\"fw-special-title\">2) Zavemo se Bo\u017eje navzo\u010dnosti in obudimo ter zmolimo kesanje.<\/h5>\n<h5 class=\"fw-special-title\">3) Preberemo odlomek iz Svetega pisma.<\/h5>\n<h5 class=\"fw-special-title\">4) Nekaj \u010dasa premi\u0161ljujemo ob Bo\u017eji besedi (bodite pozorni na to, kaj vam govori in kak\u0161ne ob\u010dutke prebuja v vas).<\/h5>\n<h5 class=\"fw-special-title\">5) Sledi duhovno obhajilo.<\/h5>\n<h5 class=\"fw-special-title\">Jezus, verjamem, da si navzo\u010d v Najsvetej\u0161em zakramentu. Zahvaljujem se Ti za Tvojo ljubezen do mene, ki si mi jo izkazal s svojo smrtjo na kri\u017eu. \u017delim Te ljubiti bolj kakor vse drugo, predvsem pa Te \u017eelim sprejeti v svojo du\u0161o. Ker Te ne morem prejeti zakramentalno, Te prosim, da pride\u0161 k meni duhovno: prosim Te, da vstopi\u0161 v moje srce in prebiva\u0161 v njem.<\/h5>\n<h5 class=\"fw-special-title\">Hvala, Jezus, za to duhovno obhajilo, hvala za Tvoj objem, hvala za to duhovno zdru\u017eitev s Teboj. Ne dovoli, da bi se lo\u010dil od Tebe, ampak mi pomagaj, da ostanem v Tebi.<\/h5>\n<h5 class=\"fw-special-title\">6) Molitev kon\u010damo z znamenjem kri\u017ea.<\/h5>\n<p> <a href=\" https:\/\/zupnijaloka.si\/molitev_v_casu_epidemije_covid-19\/\" target=\"_self\" class=\"fw-btn tf-sh-02bafe53e463fb6d248a8c888a5696cf fw-btn-lg fw-btn-1\" style=\"\"><br \/>\n Molitev za zdravje v \u010dasu epidemije koronavirusa COVID-19<br \/>\n <\/a><\/p>\n<h4 class=\"fw-special-title\">VSI SMO V ISTEM \u010cOLNU<\/h4>\n<h5 class=\"fw-special-title\">Vsak od nas se vedno bolj zaveda odgovornosti, pred katero je postavljen, in tudi ta odpoved ma\u0161 z navzo\u010dnostjo ljudstva je bila sprejeta samo s tem namenom, da se upo\u010dasni epidemijo tako, da ne bo pri\u0161lo do nenadne oku\u017eitve tako velikega \u0161tevila ljudi, da bi se nam zlomil zdravstveni sistem in hudo bolni ne bi mogli dobiti pomo\u010di.<\/h5>\n<h5 class=\"fw-special-title\">Poglobimo osebno in dru\u017einsko molitev, odprimo se Duhu, da nam pove, na kak\u0161en na\u010din lahko v okviru mo\u017enega \u017eivimo svojo vero in pripravo na veliko no\u010d.<\/h5>\n<h5 class=\"fw-special-title\">Ta preizku\u0161nja nas u\u010di na\u0161e majhnosti in spoznanja krhkosti. Tako mikroskopsko majhna stvar, kot je virus, lahko ustavi ves svet, in to nas lahko u\u010di poni\u017enosti. Vabljeni smo k umiritvi in ve\u010dji povezanosti z Bogom, pa tudi k solidarnosti z drugimi. Morda lahko zdajle na poseben na\u010din spoznamo, kako smo vsi v istem \u010dolnu in da moramo vsi zgrabiti za vesla. Naj leto\u0161nji postni \u010das zaradi tega dogajanja postane poglobljen v do\u017eivljanju Jezusove in na\u0161e poti k trpljenju in vstajenju.<\/h5>\n<h5 class=\"fw-special-title\">Ostanite zdravi in Bog naj vas blagoslovi!<\/h5>\n<h5 class=\"fw-special-title\">Va\u0161 \u017eupnik<\/h5>\n<p> <a href=\"https:\/\/zupnijaloka.si\/preprecevanje-okuzbe-z-virusom-sars-cov-2\/\" target=\"_self\" class=\"fw-btn tf-sh-2f78159f17dfd2134c57abb3ef1b1719 fw-btn-lg fw-btn-1\" style=\"\"><br \/>\n Prepre\u010devanje oku\u017ebe z virusom SARS-CoV-2<br \/>\n <\/a><\/p>\n<p><!-- e08f9f0eade32b89aac9751efbed799f --><\/div>","protected":false},"excerpt":{"rendered":"<p>Posebno oznanilo Prepre\u010devanje oku\u017ebe z virusom SARS-CoV-2 Dragi farani \u017eupnij Marija \u0160irje, Loke pri Zidanem Mostu in Razborju! Izredna navodila slovenskih \u0161kofov za prepre\u010devanje \u0161irjenja koronavirusa COVID-19 V izogib \u0161irjenju koronavirusa COVID-19 in za ohranjanje zdravja prebivalstva, so do nadaljnjega odpovedane vse svete ma\u0161e, podeljevanje zakramentov, zakramentalov, ljudske pobo\u017enosti, \u017eupnijska praznovanja in drugi dogodki ter [&hellip;]<\/p>","protected":false},"author":1,"featured_media":0,"parent":0,"menu_order":0,"comment_status":"closed","ping_status":"closed","template":"visual-builder-template.php","meta":[],"_links":{"self":[{"href":"https:\/\/zupnijaloka.si\/sl\/wp-json\/wp\/v2\/pages\/2373"}],"collection":[{"href":"https:\/\/zupnijaloka.si\/sl\/wp-json\/wp\/v2\/pages"}],"about":[{"href":"https:\/\/zupnijaloka.si\/sl\/wp-json\/wp\/v2\/types\/page"}],"author":[{"embeddable":true,"href":"https:\/\/zupnijaloka.si\/sl\/wp-json\/wp\/v2\/users\/1"}],"replies":[{"embeddable":true,"href":"https:\/\/zupnijaloka.si\/sl\/wp-json\/wp\/v2\/comments?post=2373"}],"version-history":[{"count":24,"href":"https:\/\/zupnijaloka.si\/sl\/wp-json\/wp\/v2\/pages\/2373\/revisions"}],"predecessor-version":[{"id":2452,"href":"https:\/\/zupnijaloka.si\/sl\/wp-json\/wp\/v2\/pages\/2373\/revisions\/2452"}],"wp:attachment":[{"href":"https:\/\/zupnijaloka.si\/sl\/wp-json\/wp\/v2\/media?parent=2373"}],"curies":[{"name":"wp","href":"https:\/\/api.w.org\/{rel}","templated":true}]}}