{"id":2392,"date":"2020-03-13T19:46:37","date_gmt":"2020-03-13T18:46:37","guid":{"rendered":"https:\/\/zupnijaloka.si\/?page_id=2392"},"modified":"2020-03-19T13:11:24","modified_gmt":"2020-03-19T12:11:24","slug":"molitev_v_casu_epidemije_covid-19","status":"publish","type":"page","link":"https:\/\/zupnijaloka.si\/sl\/molitev_v_casu_epidemije_covid-19\/","title":{"rendered":"Molitev v \u010dasu epidemije COVID-19"},"content":{"rendered":"<div class=\"fw-page-builder-content\">\n<h1 class=\"fw-special-title\"> Molitev za zdravje v \u010dasu epidemije koronavirusa COVID-19 <\/h1>\n<p> <img src=\"https:\/\/zupnijaloka.si\/wp-content\/uploads\/2019\/12\/Advent_4.jpg\" alt=\"4. Advent\" data-maxdpr=\"1.7\" width=\"160\" class=\"lazyload\" \/> <\/p>\n<h5 class=\"fw-special-title\">O\u010de usmiljenja in tola\u017ebe, <\/h5>\n<h5 class=\"fw-special-title\">tvoj Sin Jezus Kristus nam je s kri\u017eem pokazal vrednost trpljenja.<\/h5>\n<h5 class=\"fw-special-title\">Pomagaj na\u0161im bratom in sestram,<\/h5>\n<h5 class=\"fw-special-title\">ki \u017ee nosijo kri\u017e bolezni in so preizku\u0161ani.<\/h5>\n<h5 class=\"fw-special-title\">Nakloni jim izbolj\u0161anje zdravja,<\/h5>\n<h5 class=\"fw-special-title\">njihovim svojcem pa pogum in zaupanje.<\/h5>\n<h5 class=\"fw-special-title\">Vsem zdravstvenim delavcem daj mo\u010d in zdravje,<\/h5>\n<h5 class=\"fw-special-title\">da bodo vztrajali v ljubezni do bolnikov,<\/h5>\n<h5 class=\"fw-special-title\">raziskovalcem pa, da bodo \u010dim prej odkrili uspe\u0161no zdravilo.<\/h5>\n<h5 class=\"fw-special-title\">Nam in vsemu svetu daj svoj blagoslov,<\/h5>\n<h5 class=\"fw-special-title\">da bomo re\u0161eni bolezni<\/h5>\n<h5 class=\"fw-special-title\">in se ti bomo mogli s tvojo Cerkvijo zahvaljevati.<\/h5>\n<h5 class=\"fw-special-title\">Amen.<\/h5>\n<h5 class=\"fw-special-title\">Sv. Marija, zdravje bolnikov \u2013 prosi za nas.<\/h5>\n<h5 class=\"fw-special-title\">Sv. Rok, zavetnik zoper ku\u017ene bolezni \u2013 prosi za nas.<\/h5>\n<h5 class=\"fw-special-title\">Vsi bo\u017eji svetniki in svetnice \u2013 prosite za nas.<\/h5>\n<p> <a href=\"https:\/\/zupnijaloka.si\/litanije_svetega_roka\/\" target=\"_self\" class=\"fw-btn tf-sh-8825c7cb78dde4de469c0116004a9e53 fw-btn-full fw-btn-lg fw-btn-1\" style=\"\"><br \/>\n LITANIJE SVETEGA ROKA<br \/>\n <\/a><br \/>\n <a href=\" https:\/\/zupnijaloka.si\/rozni_venec_svetega_roka\/\" target=\"_self\" class=\"fw-btn tf-sh-02773124c72f4558a3719dacad5b69b0 fw-btn-full fw-btn-lg fw-btn-1\" style=\"\"><br \/>\n RO\u017dNI VENEC SVETEGA ROKA<br \/>\n <\/a><br \/>\n <a href=\"https:\/\/zupnijaloka.si\/socutja\/\" target=\"_self\" class=\"fw-btn tf-sh-87c37edc6531cf0d7827157f08e73425 fw-btn-full fw-btn-lg fw-btn-1\" style=\"\"><br \/>\n LITANIJE SO\u010cUTJA<br \/>\n <\/a><\/p>\n<p><!-- cc0e68f8cc2e6fa8de5094f676a1fa6a --><\/div>","protected":false},"excerpt":{"rendered":"<p>Molitev za zdravje v \u010dasu epidemije koronavirusa COVID-19 O\u010de usmiljenja in tola\u017ebe, tvoj Sin Jezus Kristus nam je s kri\u017eem pokazal vrednost trpljenja. Pomagaj na\u0161im bratom in sestram, ki \u017ee nosijo kri\u017e bolezni in so preizku\u0161ani. Nakloni jim izbolj\u0161anje zdravja, njihovim svojcem pa pogum in zaupanje. Vsem zdravstvenim delavcem daj mo\u010d in zdravje, da bodo [&hellip;]<\/p>","protected":false},"author":1,"featured_media":0,"parent":0,"menu_order":0,"comment_status":"closed","ping_status":"closed","template":"visual-builder-template.php","meta":[],"_links":{"self":[{"href":"https:\/\/zupnijaloka.si\/sl\/wp-json\/wp\/v2\/pages\/2392"}],"collection":[{"href":"https:\/\/zupnijaloka.si\/sl\/wp-json\/wp\/v2\/pages"}],"about":[{"href":"https:\/\/zupnijaloka.si\/sl\/wp-json\/wp\/v2\/types\/page"}],"author":[{"embeddable":true,"href":"https:\/\/zupnijaloka.si\/sl\/wp-json\/wp\/v2\/users\/1"}],"replies":[{"embeddable":true,"href":"https:\/\/zupnijaloka.si\/sl\/wp-json\/wp\/v2\/comments?post=2392"}],"version-history":[{"count":13,"href":"https:\/\/zupnijaloka.si\/sl\/wp-json\/wp\/v2\/pages\/2392\/revisions"}],"predecessor-version":[{"id":2516,"href":"https:\/\/zupnijaloka.si\/sl\/wp-json\/wp\/v2\/pages\/2392\/revisions\/2516"}],"wp:attachment":[{"href":"https:\/\/zupnijaloka.si\/sl\/wp-json\/wp\/v2\/media?parent=2392"}],"curies":[{"name":"wp","href":"https:\/\/api.w.org\/{rel}","templated":true}]}}