{"id":2417,"date":"2020-03-17T11:48:27","date_gmt":"2020-03-17T10:48:27","guid":{"rendered":"https:\/\/zupnijaloka.si\/?page_id=2417"},"modified":"2020-03-17T12:10:25","modified_gmt":"2020-03-17T11:10:25","slug":"preprecevanje-okuzbe-z-virusom-sars-cov-2","status":"publish","type":"page","link":"https:\/\/zupnijaloka.si\/sl\/preprecevanje-okuzbe-z-virusom-sars-cov-2\/","title":{"rendered":"Prepre\u010devanje oku\u017ebe z virusom SARS-CoV-2"},"content":{"rendered":"<div class=\"fw-page-builder-content\">\n<h3 class=\"fw-special-title\">Za prepre\u010devanje oku\u017ebe z virusom SARS-CoV-2 je priporo\u010dljivo upo\u0161tevati vsakodnevne preventivne ukrepe.<\/h3>\n<p> <img src=\"https:\/\/zupnijaloka.si\/wp-content\/uploads\/2019\/12\/Advent_4.jpg\" alt=\"4. Advent\" data-maxdpr=\"1.7\" width=\"160\" class=\"lazyload\" \/> <\/p>\n<h5 class=\"fw-special-title\">Epidemiolo\u0161ko stanje se hitro spreminja in le skupaj lahko pripomoremo k zajezitvi \u0161irjenja oku\u017ebe z novim koronavirusom SARS-CoV-2. Situacija, ki smo ji izpostavljeni, je velik izziv, zato je \u0161e posebej pomembno, da delujemo preventivno. Vsi skupaj in vsak posameznik mora delovati odgovorno in preventivno za skupno dobro. Izjemnega pomena je dosledno upo\u0161tevanje higienskih navodil.<\/h5>\n<h5 class=\"fw-special-title\">Pri prepre\u010devanju oku\u017ebe z virusom SARS-CoV-2 je tako kot pri drugih nalezljivih bolezni, ki povzro\u010dajo oku\u017ebe dihal, priporo\u010dljivo upo\u0161tevati naslednje vsakodnevne preventivne ukrepe:<\/h5>\n<h5 class=\"fw-special-title\">1) Izogibamo se tesnim stikom z ljudmi, ki ka\u017eejo znake nalezljive bolezni.<\/h5>\n<h5 class=\"fw-special-title\">2) Ne dotikamo se o\u010di, nosu in ust.<\/h5>\n<h5 class=\"fw-special-title\">3) V primeru, da zbolimo, ostanemo doma.<\/h5>\n<h5 class=\"fw-special-title\">4) Upo\u0161tevamo pravila higiene ka\u0161lja.<\/h5>\n<h5 class=\"fw-special-title\">5) Redno si umivamo roke z milom in vodo.<\/h5>\n<h5 class=\"fw-special-title\">6) V primeru, da voda in milo nista dostopna, za razku\u017eevanje rok uporabimo namensko razku\u017eilo za roke. Vsebnost etanola v razku\u017eilu za roke naj bo najmanj 60 %. Razku\u017eilo za roke je namenjeno samo zunanji uporabi. Sredstva za \u010di\u0161\u010denje\/razku\u017eevanje povr\u0161in niso namenjena \u010di\u0161\u010denju\/razku\u017eevanju ko\u017ee.<\/h5>\n<h5 class=\"fw-special-title\">7) Splo\u0161na uporaba za\u0161\u010ditnih mask ni potrebna.<\/h5>\n<h5 class=\"fw-special-title\">8) V \u010dasu pove\u010danega pojavljanja oku\u017eb dihal se izogibamo zaprtih prostorov, v katerih se zadr\u017euje veliko \u0161tevilo ljudi. Poskrbimo za redno zra\u010denje zaprtih prostorov.<\/h5>\n<p> <img src=\"https:\/\/zupnijaloka.si\/wp-content\/uploads\/2020\/03\/navodila_higiena-kaslja_0.png\" alt=\"navodila_higiena-kaslja_0\" data-maxdpr=\"1.7\" class=\"lazyload\" \/><br \/>\n <img src=\"https:\/\/zupnijaloka.si\/wp-content\/uploads\/2020\/03\/navodila_higiena-rok_zdravstveni-delavci.png\" alt=\"navodila_higiena-rok_zdravstveni-delavci\" data-maxdpr=\"1.7\" class=\"lazyload\" \/> <\/p>\n<h5 class=\"fw-special-title\">KAKO POTEKA BOLEZEN, KAK\u0160NI SO SIMPTOMI IN ZNAKI?<\/h5>\n<h5 class=\"fw-special-title\">Bolezen se ka\u017ee s slabim po\u010dutjem, utrujenostjo, nahodom, vro\u010dino, ka\u0161ljem in pri te\u017ejih oblikah z ob\u010dutkom pomanjkanja zraka. Natan\u010dni podatki o poteku bolezni se \u0161e zbirajo, saj gre za nov virus. Iz poro\u010danja Kitajske lahko sklepamo, da poteka v la\u017eji obliki pri pribli\u017eno 80 % oku\u017eenih. Te\u017eji potek naj bi imelo pribli\u017eno 20 % zbolelih. Tudi natan\u010dnega podatka o smrtnosti po oku\u017ebi z novim koronavirusom \u0161e ni, po poro\u010danju Kitajske se ocenjuje, da je smrtnost 2 % &#8211; 4 %. Ve\u010dina umrlih je bila starej\u0161a in je imela pridru\u017eene kroni\u010dne bolezni srca, plju\u010d, sladkorno bolezen ipd. Za te\u017eji potek bolezni je zna\u010dilna plju\u010dnica.<\/h5>\n<h5 class=\"fw-special-title\">Oku\u017ebe z novim koronavirusom od ostalih povzro\u010diteljev akutnih oku\u017eb dihal, vklju\u010dno s plju\u010dnicami, ne moremo lo\u010diti zgolj na osnovi poteka bolezni in bolnikovih te\u017eav. Za potrditev ali izklju\u010ditev oku\u017ebe z novim koronavirusom je potrebno mikrobiolo\u0161ko testiranje. Koronavirus se dokazuje v brisu nosno-\u017erelnega prostora, v brisu \u017erela, izme\u010dku dihal in \u0161e v drugih ku\u017eninah.<\/h5>\n<p> <a href=\"https:\/\/www.nijz.si\/sl\/koronavirus-2019-ncov\" target=\"_self\" class=\"fw-btn tf-sh-a97efa22d54fb2b0cbb3d7d5b7d2468d fw-btn-md fw-btn-1\" style=\"\"><br \/>\n Nacionalni in\u0161titut za javno zdravje<br \/>\n <\/a><\/p>\n<p><!-- 06296a0f2bbb52cbe442ec8fbf42d6af --><\/div>","protected":false},"excerpt":{"rendered":"<p>Za prepre\u010devanje oku\u017ebe z virusom SARS-CoV-2 je priporo\u010dljivo upo\u0161tevati vsakodnevne preventivne ukrepe. Epidemiolo\u0161ko stanje se hitro spreminja in le skupaj lahko pripomoremo k zajezitvi \u0161irjenja oku\u017ebe z novim koronavirusom SARS-CoV-2. Situacija, ki smo ji izpostavljeni, je velik izziv, zato je \u0161e posebej pomembno, da delujemo preventivno. Vsi skupaj in vsak posameznik mora delovati odgovorno in [&hellip;]<\/p>","protected":false},"author":1,"featured_media":0,"parent":0,"menu_order":0,"comment_status":"closed","ping_status":"closed","template":"visual-builder-template.php","meta":[],"_links":{"self":[{"href":"https:\/\/zupnijaloka.si\/sl\/wp-json\/wp\/v2\/pages\/2417"}],"collection":[{"href":"https:\/\/zupnijaloka.si\/sl\/wp-json\/wp\/v2\/pages"}],"about":[{"href":"https:\/\/zupnijaloka.si\/sl\/wp-json\/wp\/v2\/types\/page"}],"author":[{"embeddable":true,"href":"https:\/\/zupnijaloka.si\/sl\/wp-json\/wp\/v2\/users\/1"}],"replies":[{"embeddable":true,"href":"https:\/\/zupnijaloka.si\/sl\/wp-json\/wp\/v2\/comments?post=2417"}],"version-history":[{"count":27,"href":"https:\/\/zupnijaloka.si\/sl\/wp-json\/wp\/v2\/pages\/2417\/revisions"}],"predecessor-version":[{"id":2451,"href":"https:\/\/zupnijaloka.si\/sl\/wp-json\/wp\/v2\/pages\/2417\/revisions\/2451"}],"wp:attachment":[{"href":"https:\/\/zupnijaloka.si\/sl\/wp-json\/wp\/v2\/media?parent=2417"}],"curies":[{"name":"wp","href":"https:\/\/api.w.org\/{rel}","templated":true}]}}