{"id":2476,"date":"2020-03-19T11:55:41","date_gmt":"2020-03-19T10:55:41","guid":{"rendered":"https:\/\/zupnijaloka.si\/?page_id=2476"},"modified":"2020-03-19T11:56:48","modified_gmt":"2020-03-19T10:56:48","slug":"rozni_venec_svetega_roka","status":"publish","type":"page","link":"https:\/\/zupnijaloka.si\/sl\/rozni_venec_svetega_roka\/","title":{"rendered":"RO\u017dNI VENEC SVETEGA ROKA"},"content":{"rendered":"<div class=\"fw-page-builder-content\">\n<h1 class=\"fw-special-title\">RO\u017dNI VENEC SVETEGA ROKA<\/h1>\n<h5 class=\"fw-special-title\">Moli se kot obi\u010dajni ro\u017eni venec (Apostolska vera, o\u010dena\u0161, 3x zdravamarija, 5 desetk), pri besedah &#8216;tvojega telesa, Jezus&#8217; se doda:<\/h5>\n<p> <img src=\"https:\/\/zupnijaloka.si\/wp-content\/uploads\/2016\/02\/Logo_Creed_dark.png\" alt=\"Logo_Creed_dark\" data-maxdpr=\"1.7\" width=\"80\" class=\"lazyload\" \/> <\/p>\n<h5 class=\"fw-special-title\">1. ki nam po\u017eivi vero<\/h5>\n<h5 class=\"fw-special-title\">2. ki nam utrdi upanje<\/h5>\n<h5 class=\"fw-special-title\">3. ki nam v\u017egi ljubezen<\/h5>\n<h5 class=\"fw-special-title\">1. ki naj nam na pripro\u0161njo svetega Roka da spoznati na\u0161e grehe. <\/h5>\n<h5 class=\"fw-special-title\">2. ki naj nam na pripro\u0161njo svetega Roka podeli milost iskrenega kesanja<\/h5>\n<h5 class=\"fw-special-title\">3. ki naj nam na pripro\u0161njo svetega Roka pomaga ljubiti Boga in bli\u017enje<\/h5>\n<h5 class=\"fw-special-title\">4. ki naj nas na pripro\u0161njo svetega Roka varuje kuge in vseh nalezljivih bolezni.<\/h5>\n<h5 class=\"fw-special-title\">5. ki naj nas na pripro\u0161njo svetega Roka varuje nagle in nepredvidene smrti. <\/h5>\n<p><!-- 9e9a1945322c0fad90264e284c5fb722 --><\/div>","protected":false},"excerpt":{"rendered":"<p>RO\u017dNI VENEC SVETEGA ROKA Moli se kot obi\u010dajni ro\u017eni venec (Apostolska vera, o\u010dena\u0161, 3x zdravamarija, 5 desetk), pri besedah &#8216;tvojega telesa, Jezus&#8217; se doda: 1. ki nam po\u017eivi vero 2. ki nam utrdi upanje 3. ki nam v\u017egi ljubezen 1. ki naj nam na pripro\u0161njo svetega Roka da spoznati na\u0161e grehe. 2. ki naj nam [&hellip;]<\/p>","protected":false},"author":1,"featured_media":0,"parent":0,"menu_order":0,"comment_status":"closed","ping_status":"closed","template":"visual-builder-template.php","meta":[],"_links":{"self":[{"href":"https:\/\/zupnijaloka.si\/sl\/wp-json\/wp\/v2\/pages\/2476"}],"collection":[{"href":"https:\/\/zupnijaloka.si\/sl\/wp-json\/wp\/v2\/pages"}],"about":[{"href":"https:\/\/zupnijaloka.si\/sl\/wp-json\/wp\/v2\/types\/page"}],"author":[{"embeddable":true,"href":"https:\/\/zupnijaloka.si\/sl\/wp-json\/wp\/v2\/users\/1"}],"replies":[{"embeddable":true,"href":"https:\/\/zupnijaloka.si\/sl\/wp-json\/wp\/v2\/comments?post=2476"}],"version-history":[{"count":4,"href":"https:\/\/zupnijaloka.si\/sl\/wp-json\/wp\/v2\/pages\/2476\/revisions"}],"predecessor-version":[{"id":2480,"href":"https:\/\/zupnijaloka.si\/sl\/wp-json\/wp\/v2\/pages\/2476\/revisions\/2480"}],"wp:attachment":[{"href":"https:\/\/zupnijaloka.si\/sl\/wp-json\/wp\/v2\/media?parent=2476"}],"curies":[{"name":"wp","href":"https:\/\/api.w.org\/{rel}","templated":true}]}}