{"id":2484,"date":"2020-03-19T12:18:54","date_gmt":"2020-03-19T11:18:54","guid":{"rendered":"https:\/\/zupnijaloka.si\/?page_id=2484"},"modified":"2020-03-19T12:18:54","modified_gmt":"2020-03-19T11:18:54","slug":"socutja","status":"publish","type":"page","link":"https:\/\/zupnijaloka.si\/sl\/socutja\/","title":{"rendered":"LITANIJE SO\u010cUTJA"},"content":{"rendered":"<div class=\"fw-page-builder-content\">\n<h1 class=\"fw-special-title\">LITANIJE SO\u010cUTJA<\/h1>\n<p> <img src=\"https:\/\/zupnijaloka.si\/wp-content\/uploads\/2016\/02\/Logo_Creed_dark.png\" alt=\"Logo_Creed_dark\" data-maxdpr=\"1.7\" width=\"80\" class=\"lazyload\" \/> <\/p>\n<h5 class=\"fw-special-title\">Ko nas obi\u0161\u010de bolezen, la\u017eja ali te\u017eja, smo na tleh. Zelo smo zaskrbljeni, kako bo, in poraja se strah. Zato je pomembna zavest, da v \u010dasu bolezni molijo za nas na\u0161i bli\u017enji, prijatelji in morda celotna \u017eupnijska skupnost.<\/h5>\n<h5 class=\"fw-special-title\">Ena izmed molitev za bolnike so tudi \u00bbLitanije so\u010dutja\u00ab, s katerimi prosimo nebe\u0161kega O\u010deta naj bolnikom podari pogum in tola\u017ebo, predvsem pa izku\u0161njo, da jim je blizu, je z njimi in ob njih. S posameznimi vzkliki se posku\u0161amo v\u017eiveti v \u010disto konkretno situacijo, v kateri se nahaja bolnik oz. mi sami, ko smo bolni. In ko vemo, kako se nekdo po\u010duti v uri bolezni, je \u0161e la\u017eje moliti in prositi za bolnika.<\/h5>\n<h5 class=\"fw-special-title\">\u00bbLitanije so\u010dutja\u00ab v na\u0161em radijskem programu molimo vsak ve\u010der takoj po kon\u010danem prenosu svete ma\u0161e. Vabimo vas, da se nam pridru\u017eite in ljubeznijo in skrbnostjo molimo za vse tiste, ki so bolni in oslabeli. Prosimo Gospoda, naj jih okrepi s svojo tola\u017ebo in jim da mo\u010d v \u010dasu preizku\u0161enj.<\/h5>\n<h5 class=\"fw-special-title\">Odgovori: Gospod, bodi jim blizu in jih potola\u017ei.<\/h5>\n<h5 class=\"fw-special-title\">Ko bole\u010dina kar prekipeva, &#8211;<\/h5>\n<h5 class=\"fw-special-title\">Ko zdravljenje napreduje po\u010dasneje, kot smo upali, &#8211;<\/h5>\n<h5 class=\"fw-special-title\">Ko smo prepla\u0161eni zaradi terapije, &#8211;<\/h5>\n<h5 class=\"fw-special-title\">Ko se te\u017eko odpovemo svojim na\u010drtom, &#8211;<\/h5>\n<h5 class=\"fw-special-title\">Ko nara\u0161\u010da ob\u010dutje odtujenosti, &#8211;<\/h5>\n<h5 class=\"fw-special-title\">Ko smo iztro\u0161eni in utrujeni, &#8211;<\/h5>\n<h5 class=\"fw-special-title\">Ko nas vznemirja nepotrpe\u017eljivost, &#8211;<\/h5>\n<h5 class=\"fw-special-title\">Ko se tesnobi pridru\u017ei \u0161e osamljenost, &#8211;<\/h5>\n<h5 class=\"fw-special-title\">Ko se zaradi bolezni te\u017eko pogovarjamo, &#8211;<\/h5>\n<h5 class=\"fw-special-title\">Ko se v nas naselita obup in malodu\u0161je, &#8211;<\/h5>\n<h5 class=\"fw-special-title\">Ko se zaradi strahu ne upamo soo\u010diti s prihodnostjo, &#8211;<\/h5>\n<h5 class=\"fw-special-title\">Ko divjanje bolezni na\u010dne samozavest, &#8211;<\/h5>\n<h5 class=\"fw-special-title\">Ko nas napadeta jeza in zamera, &#8211;<\/h5>\n<h5 class=\"fw-special-title\">Ko nas zamorijo skrbi in preob\u010dutljivost, &#8211;<\/h5>\n<h5 class=\"fw-special-title\">Ko se je te\u017eko opreti na skrb drugih, &#8211;<\/h5>\n<h5 class=\"fw-special-title\">Ko se prebudi zavist do zdravih, &#8211;<\/h5>\n<h5 class=\"fw-special-title\">Ko prevladata \u010drnogledost in cinizem, &#8211;<\/h5>\n<h5 class=\"fw-special-title\">Ko stisko pove\u010da potreba po spravi, &#8211;<\/h5>\n<h5 class=\"fw-special-title\">Ko bolezen napak razumemo kot kazen, &#8211;<\/h5>\n<h5 class=\"fw-special-title\">Ko so ljubljeni tako dale\u010d, &#8211;<\/h5>\n<h5 class=\"fw-special-title\">Ko bolezen povzro\u010di finan\u010dne te\u017eave, ki vodijo v obup, &#8211;<\/h5>\n<h5 class=\"fw-special-title\">Ko nas objame ob\u010dutek, da ni smiselno upati, &#8211;<\/h5>\n<h5 class=\"fw-special-title\">Ko nam slabotnost onemogo\u010di, da bi sploh mislili, &#8211;<\/h5>\n<h5 class=\"fw-special-title\">Ko se prijatelji v strahu pred boleznijo umaknejo, &#8211;<\/h5>\n<h5 class=\"fw-special-title\">Ko bolezen povzro\u010di razdra\u017eljivost, &#8211;<\/h5>\n<h5 class=\"fw-special-title\">Ko nas preganjata ob\u017ealovanje in sram zaradi nekdanjih grehov, &#8211;<\/h5>\n<h5 class=\"fw-special-title\">Ko je te\u017eko spati, &#8211;<\/h5>\n<h5 class=\"fw-special-title\">Ko izgine apetit, &#8211;<\/h5>\n<h5 class=\"fw-special-title\">Ko se upiramo nujnim spremembam, &#8211;<\/h5>\n<h5 class=\"fw-special-title\">Ko nas sku\u0161a zanikovanje, &#8211;<\/h5>\n<h5 class=\"fw-special-title\">Ko je videti, da nas nih\u010de ne razume, &#8211;<\/h5>\n<h5 class=\"fw-special-title\">Ko smo privezani na dom ali omejeni v gibanju, &#8211;<\/h5>\n<h5 class=\"fw-special-title\">Ko grozita apatija in brezdu\u0161nost, &#8211;<\/h5>\n<h5 class=\"fw-special-title\">Ko se zaradi zdravil stanje navidez poslab\u0161a, &#8211;<\/h5>\n<h5 class=\"fw-special-title\">Ko je vse, kar potrebujemo, ne\u017een dotik, &#8211;<\/h5>\n<h5 class=\"fw-special-title\">Ko je nemogo\u010de ohraniti doma\u010de navade, &#8211;<\/h5>\n<h5 class=\"fw-special-title\">Ko je te\u017eko najti mo\u010d za nadaljevanje, &#8211;<\/h5>\n<h5 class=\"fw-special-title\">Ko molitev postane naporna, &#8211;<\/h5>\n<h5 class=\"fw-special-title\">Ko trpljenje postaja neznosno, &#8211;<\/h5>\n<h5 class=\"fw-special-title\">Ko se bli\u017ea smrt, &#8211;<\/h5>\n<h5 class=\"fw-special-title\">O\u010de na\u0161 &#8230;<\/h5>\n<h5 class=\"fw-special-title\">Usmiljeni O\u010de, tvoj ljubljeni Sin je izkazal posebno so\u010dutje gobavcem, ne\u017enost dolgoletnim bolnikom in ozdravljenje bolnikom, ki so jih polo\u017eili predenj. Predte polagamo vse bolne in tiste, ki potrebujejo zdravilno milost. Naj ljubezen in usmiljenje bo\u017eanskega zdravnika dvigneta vse, ki trpijo zaradi bolezni, obnovi jih v zdravju in miru. To te prosimo v imenu Jezusa, na\u0161ega Gospoda. <\/h5>\n<h5 class=\"fw-special-title\">Amen.<\/h5>\n<p><!-- 2dea0d3c6d89992b1ab2ed557a070937 --><\/div>","protected":false},"excerpt":{"rendered":"<p>LITANIJE SO\u010cUTJA Ko nas obi\u0161\u010de bolezen, la\u017eja ali te\u017eja, smo na tleh. Zelo smo zaskrbljeni, kako bo, in poraja se strah. Zato je pomembna zavest, da v \u010dasu bolezni molijo za nas na\u0161i bli\u017enji, prijatelji in morda celotna \u017eupnijska skupnost. Ena izmed molitev za bolnike so tudi \u00bbLitanije so\u010dutja\u00ab, s katerimi prosimo nebe\u0161kega O\u010deta naj [&hellip;]<\/p>","protected":false},"author":1,"featured_media":0,"parent":0,"menu_order":0,"comment_status":"closed","ping_status":"closed","template":"visual-builder-template.php","meta":[],"_links":{"self":[{"href":"https:\/\/zupnijaloka.si\/sl\/wp-json\/wp\/v2\/pages\/2484"}],"collection":[{"href":"https:\/\/zupnijaloka.si\/sl\/wp-json\/wp\/v2\/pages"}],"about":[{"href":"https:\/\/zupnijaloka.si\/sl\/wp-json\/wp\/v2\/types\/page"}],"author":[{"embeddable":true,"href":"https:\/\/zupnijaloka.si\/sl\/wp-json\/wp\/v2\/users\/1"}],"replies":[{"embeddable":true,"href":"https:\/\/zupnijaloka.si\/sl\/wp-json\/wp\/v2\/comments?post=2484"}],"version-history":[{"count":3,"href":"https:\/\/zupnijaloka.si\/sl\/wp-json\/wp\/v2\/pages\/2484\/revisions"}],"predecessor-version":[{"id":2487,"href":"https:\/\/zupnijaloka.si\/sl\/wp-json\/wp\/v2\/pages\/2484\/revisions\/2487"}],"wp:attachment":[{"href":"https:\/\/zupnijaloka.si\/sl\/wp-json\/wp\/v2\/media?parent=2484"}],"curies":[{"name":"wp","href":"https:\/\/api.w.org\/{rel}","templated":true}]}}