{"id":2490,"date":"2020-03-19T12:33:42","date_gmt":"2020-03-19T11:33:42","guid":{"rendered":"https:\/\/zupnijaloka.si\/?page_id=2490"},"modified":"2020-03-19T13:07:23","modified_gmt":"2020-03-19T12:07:23","slug":"duhovne_spodbude_v_casu_koronavirusa","status":"publish","type":"page","link":"https:\/\/zupnijaloka.si\/sl\/duhovne_spodbude_v_casu_koronavirusa\/","title":{"rendered":"DUHOVNE SPODBUDE V \u010cASU KORONAVIRUSA"},"content":{"rendered":"<div class=\"fw-page-builder-content\">\n<h1 class=\"fw-special-title\">DUHOVNE SPODBUDE V \u010cASU KORONAVIRUSA<\/h1>\n<p style=\"text-align: center;\">\u201cVerujem v enega Boga, O\u010deta vsemogo\u010dnega, stvarnika nebes in zemlje, vseh vidnih in nevidnih stvari. In v enega Gospoda Jezusa Kristusa, edinorojenega Sina Bo\u017ejega, ki je iz O\u010deta rojen pred vsemi veki in je Bog od Boga, Lu\u010d od Lu\u010di, pravi Bog od pravega Boga. Rojen, ne ustvarjen, enega bistva z O\u010detom in je po njem vse ustvarjeno. Ki je zaradi nas ljudi in zaradi na\u0161ega zveli\u010danja pri\u0161el iz nebes. In se je utelesil po Svetem Duhu iz Marije Device in postal \u010dlovek.Bil je tudi kri\u017ean za nas pod Poncijem Pilatom,je trpel in bil v grob polo\u017een. In tretji dan je od mrtvih vstal, po pri\u010devanju Pisma. In je \u0161el v nebesa, sedi na O\u010detovi desnici. In bo spet pri\u0161el v slavi sodit \u017eive in mrtve; in njegovemu kraljestvu ne bo konca. Verujem v Svetega Duha,Gospoda, ki o\u017eivlja. Ki izhaja iz O\u010deta in Sina.Ki ga z O\u010detom in Sinom molimo in slavimo. Ki je govoril po prerokih. In eno, sveto, katoli\u0161ko in apostolsko Cerkev. Priznavam en krst v odpu\u0161\u010danje grehov. In pri\u010dakujem vstajenja mrtvih in \u017eivljenja v prihodnjem veku.<\/p>\n<p style=\"text-align: center;\">Amen.\u201d<\/p>\n<p> <a href=\"#sermons\" target=\"_self\" class=\"fw-btn tf-sh-6587b7bc70810553d90b12bcd2f9dc51 fw-btn-md fw-animated-element anchor fw-btn-4\" data-animation-type=\"fadeInUp\" data-animation-delay=\"300\" style=\"\"><br \/>\n \u00a0 \u00a0 URNIK SVETIH MA\u0160 \u00a0 \u00a0<br \/>\n <\/a><br \/>\n <img src=\"\/\/zupnisce.spletnet.com\/wp-content\/uploads\/2016\/02\/calendar-icon.png\" alt=\"\" \/> <\/p>\n<h3 class=\"fw-special-title\">Teden dru\u017eine<\/h3>\n<p> <a href=\"https:\/\/zupnijaloka.si\/teden_druzine\/\" target=\"_self\" class=\"fw-btn tf-sh-68e7bbf1a43ea3070ef9cd24bda0dbea fw-btn-full fw-btn-lg fw-animated-element fw-btn-1\" data-animation-type=\"fadeInUp\" data-animation-delay=\"300\" style=\"\"><br \/>\n \u00a0 \u00a0 ODPRI \u00a0 \u00a0<br \/>\n <\/a><\/p>\n<h5 class=\"fw-special-title\">ZAKRAMENTI<\/h5>\n<p> <a href=\"https:\/\/zupnijaloka.si\/zakramenti\/\" target=\"_self\" class=\"fw-btn tf-sh-49eeb5689bcd6d05b8f38a9b5fc4d3da fw-btn-lg fw-animated-element fw-btn-1\" data-animation-type=\"fadeInUp\" data-animation-delay=\"300\" style=\"\"><br \/>\n \u00a0 \u00a0 ODPRI \u00a0 \u00a0<br \/>\n <\/a><\/p>\n<h5 class=\"fw-special-title\">ZAPOVEDI<\/h5>\n<p> <a href=\"https:\/\/zupnijaloka.si\/zapovedi\/ \" target=\"_self\" class=\"fw-btn tf-sh-6b46743379294a167011ce1f6720049a fw-btn-lg fw-animated-element fw-btn-1\" data-animation-type=\"fadeInUp\" data-animation-delay=\"300\" style=\"\"><br \/>\n \u00a0 \u00a0 ODPRI \u00a0 \u00a0<br \/>\n <\/a><br \/>\n <a href=\"https:\/\/zupnijaloka.si\/masni-nameni\/\" target=\"_self\" class=\"fw-btn tf-sh-e5f3a05c5ab74d43630e50cdde9b4ad3 fw-btn-lg fw-animated-element fw-btn-1\" data-animation-type=\"fadeInUp\" data-animation-delay=\"300\" style=\"\"><br \/>\n \u00a0 \u00a0 ODPRI \u00a0 \u00a0<br \/>\n <\/a><br \/>\n <a href=\"https:\/\/zupnijaloka.si\/masni-nameni\/\" target=\"_self\" class=\"fw-btn tf-sh-be53047f4aa00459a2a1860cee6b576a fw-btn-lg fw-animated-element fw-btn-1\" data-animation-type=\"fadeInUp\" data-animation-delay=\"300\" style=\"\"><br \/>\n \u00a0 \u00a0 ODPRI \u00a0 \u00a0<br \/>\n <\/a><br \/>\n <a href=\"https:\/\/zupnijaloka.si\/masni-nameni\/\" target=\"_self\" class=\"fw-btn tf-sh-cdccd92fb8b69df213300c2012b6c9b4 fw-btn-lg fw-animated-element fw-btn-1\" data-animation-type=\"fadeInUp\" data-animation-delay=\"300\" style=\"\"><br \/>\n \u00a0 \u00a0 ODPRI \u00a0 \u00a0<br \/>\n <\/a><\/p>\n<h5 class=\"fw-special-title\">IZRO\u010cITEV BO\u017dJI MATERI MARIJI<\/h5>\n<p> (15. avgust)<br \/>\n <a href=\"https:\/\/zupnijaloka.si\/izrocitev-bozji-materi-mariji\/\" target=\"_self\" class=\"fw-btn tf-sh-949db3ee8bd558cf2d35a664f37c6121 fw-btn-lg fw-animated-element fw-btn-1\" data-animation-type=\"fadeInUp\" data-animation-delay=\"300\" style=\"\"><br \/>\n \u00a0 \u00a0 ODPRI \u00a0 \u00a0<br \/>\n <\/a><\/p>\n<h5 class=\"fw-special-title\">OBRED SPOVEDI<\/h5>\n<p> <a href=\"https:\/\/zupnijaloka.si\/obred_spovedi\/\" target=\"_self\" class=\"fw-btn tf-sh-028c1050fdc96a9eb096c584f422851a fw-btn-lg fw-animated-element fw-btn-1\" data-animation-type=\"fadeInUp\" data-animation-delay=\"300\" style=\"\"><br \/>\n \u00a0 \u00a0 ODPRI \u00a0 \u00a0<br \/>\n <\/a><\/p>\n<h5 class=\"fw-special-title\">RO\u017dNI VENEC<\/h5>\n<p> <a href=\" https:\/\/zupnijaloka.si\/rozni_venec\/\" target=\"_self\" class=\"fw-btn tf-sh-a6cebf0d38eb94e8ea2a89d93484791a fw-btn-lg fw-animated-element fw-btn-1\" data-animation-type=\"fadeInUp\" data-animation-delay=\"300\" style=\"\"><br \/>\n \u00a0 \u00a0 ODPRI \u00a0 \u00a0<br \/>\n <\/a><\/p>\n<p><!-- c78c3380e5d256fcb46417d8f2c02dcc --><\/div>","protected":false},"excerpt":{"rendered":"<p>DUHOVNE SPODBUDE V \u010cASU KORONAVIRUSA \u201cVerujem v enega Boga, O\u010deta vsemogo\u010dnega, stvarnika nebes in zemlje, vseh vidnih in nevidnih stvari. In v enega Gospoda Jezusa Kristusa, edinorojenega Sina Bo\u017ejega, ki je iz O\u010deta rojen pred vsemi veki in je Bog od Boga, Lu\u010d od Lu\u010di, pravi Bog od pravega Boga. Rojen, ne ustvarjen, enega bistva [&hellip;]<\/p>","protected":false},"author":1,"featured_media":0,"parent":0,"menu_order":0,"comment_status":"closed","ping_status":"closed","template":"visual-builder-template.php","meta":[],"_links":{"self":[{"href":"https:\/\/zupnijaloka.si\/sl\/wp-json\/wp\/v2\/pages\/2490"}],"collection":[{"href":"https:\/\/zupnijaloka.si\/sl\/wp-json\/wp\/v2\/pages"}],"about":[{"href":"https:\/\/zupnijaloka.si\/sl\/wp-json\/wp\/v2\/types\/page"}],"author":[{"embeddable":true,"href":"https:\/\/zupnijaloka.si\/sl\/wp-json\/wp\/v2\/users\/1"}],"replies":[{"embeddable":true,"href":"https:\/\/zupnijaloka.si\/sl\/wp-json\/wp\/v2\/comments?post=2490"}],"version-history":[{"count":7,"href":"https:\/\/zupnijaloka.si\/sl\/wp-json\/wp\/v2\/pages\/2490\/revisions"}],"predecessor-version":[{"id":2515,"href":"https:\/\/zupnijaloka.si\/sl\/wp-json\/wp\/v2\/pages\/2490\/revisions\/2515"}],"wp:attachment":[{"href":"https:\/\/zupnijaloka.si\/sl\/wp-json\/wp\/v2\/media?parent=2490"}],"curies":[{"name":"wp","href":"https:\/\/api.w.org\/{rel}","templated":true}]}}