{"id":2495,"date":"2020-03-19T12:46:52","date_gmt":"2020-03-19T11:46:52","guid":{"rendered":"https:\/\/zupnijaloka.si\/?page_id=2495"},"modified":"2020-03-19T13:29:52","modified_gmt":"2020-03-19T12:29:52","slug":"teden_druzine","status":"publish","type":"page","link":"https:\/\/zupnijaloka.si\/sl\/teden_druzine\/","title":{"rendered":"TEDEN DRU\u017dINE"},"content":{"rendered":"<div class=\"fw-page-builder-content\">\n<h1 class=\"fw-special-title\">Teden dru\u017eine<\/h1>\n<p style=\"text-align: left;\">V \u010detrtek, 19. marca, se s praznikom sv. Jo\u017eefa, zavetnikom mo\u017e in o\u010detov, za\u010dne Teden dru\u017eine, ki nosi naslov: \u201cKdor se u\u010di, je mlad!\u201d<\/p>\n<p>Letos ga obhajamo v prav posebnih okoli\u0161\u010dinah, ko ve\u010d \u010dasa pre\u017eivimo v o\u017ejem dru\u017einskem krogu. V dru\u017eini lahko izkoristimo to prilo\u017enost, da se vsak dan usedemo skupaj, preberemo zgodbo in ob tem odkrivamo, kaj je Bog polo\u017eil na srce vsakemu izmed nas: zakoncu, otrokom, starim star\u0161em\u2026 Vzemimo si \u010das za pogovor in drug drugemu poka\u017eimo, da se imamo radi in da smo si dragoceni. Pove\u017eimo se v molitvi in povabimo Boga v na\u0161 dom, naj nas varuje v \u010dasu te epidemije in naj nas vodi skozi \u017eivljenje.<\/p>\n<p> <img src=\"https:\/\/zupnijaloka.si\/wp-content\/uploads\/2020\/03\/ati-in-sin.jpg\" alt=\"ati in sin\" data-maxdpr=\"1.7\" class=\"lazyload\" \/><br \/>\ndan \u2013 \u010detrtek, 19. marca<\/p>\n<p>Pokli\u010dimo otroke, jih povabimo, da se usedemo skupaj na kav\u010d in jim povejmo, da je danes praznik sv. Jo\u017eefa, Marijinega mo\u017ea in Jezusovega kru\u0161nega o\u010deta. Sv. Jo\u017eef je zavetnik vseh mo\u017e in o\u010detov. Zato bomo danes, na prvi dan Tedna dru\u017eine prebrali zgodbo o o\u010detu in sinu, zapisano po resni\u010dnem dogodku.\u00a0\u00a0<\/p>\n<p>NAJ SE ZGODI KARKOLI, VEDNO BOM S TEBOJ<\/p>\n<p> <img src=\"https:\/\/zupnijaloka.si\/wp-content\/uploads\/2020\/03\/ati-in-sin_1.jpg\" alt=\"ati in sin_1\" data-maxdpr=\"1.7\" class=\"lazyload\" \/> <\/p>\n<p>Leta 1989 je silovit potres z mo\u010djo sedme stopnje po Richterjevi lestvici skoraj zbrisal Armenijo z zemljevida. V manj kot \u0161tirih minutah je umrlo ve\u010d kot 30.000 ljudi. Sredi tega opusto\u0161enja in zmede je neki o\u010dka pustil \u017eeno na varnem doma in odhitel v \u0161olo, kjer bi moral biti njegov sin, ampak lahko je ugotovil le, da je \u0161ola zravnana z zemljo. Po hudem \u0161oku ob izgubi, se je spomnil obljube sinu: \u00bbNaj se zgodi karkoli, vedno bom s teboj.\u00ab In o\u010di so se mu napolnile s solzami. Ko je gledal kupe ru\u0161evin, ki so neko\u010d bile \u0161ola, je bilo vse skupaj videti brezupno, a kar naprej je mislil na obljubo sinu.<\/p>\n<p>Sku\u0161al se je spomniti, kje je vsako jutro spremljal sina do razreda. Spomnil se je, da je bila sinova u\u010dilnica v zadnjem desnem vogalu, stekel je tja in za\u010del odmetavati ru\u0161evine. Ko je tako kopal, so pri\u0161li \u0161e drugi nesre\u010dni star\u0161i in to\u017eili: \u00bbMoj sin! Moja h\u010di!\u00ab Drugi dobronamerni star\u0161i so ga sku\u0161ali spraviti pro\u010d od tistega, kar je neko\u010d bila \u0161ola, reko\u010d:<\/p>\n<p>\u00bbPrepozno je!\u00ab<\/p>\n<p>\u00bbMrtvi so.\u00ab<\/p>\n<p>\u00bbNe morete pomagati.\u00ab<\/p>\n<p>\u00bbPojdite domov.\u00ab<\/p>\n<p>\u00bbDajte no, poglejte resnici v o\u010di, ni\u010desar ne morete storiti!\u00ab<\/p>\n<p>\u00bbVse skupaj boste samo \u0161e poslab\u0161ali!\u00ab<\/p>\n<p>Vsakemu od star\u0161ev je odgovoril s stavkom: \u00bbMi boste zdaj pomagali?\u00ab In nato je kopal dalje, kamen za kamnom in iskal sina. Pri\u0161el je poveljnik gasilcev in ga sku\u0161al spraviti stran od ru\u0161evin: \u00bbVelika nevarnost izbruha po\u017eara je in vsepovsod prihaja do eksplozij. V nevarnosti ste. Bomo \u017ee mi poskrbeli. Pojdite domov.\u00ab Nato je ljube\u010di in zaskrbljeni o\u010de znova vpra\u0161al: \u00bbMi boste zdaj pomagali?\u00ab Pri\u0161la je policija in rekli so: \u00bbJezni ste, razburjeni. Druge spravljate v nevarnost. Pojdite domov. Bomo \u017ee mi poskrbeli.\u00ab Na to je odvrnil: \u00bbMi boste zdaj pomagali?\u00ab Nih\u010de mu ni pomagal.<\/p>\n<p>Pogumno je kopal sam, kajti moral je vedeti, ali je njegov sinko \u017eiv ali mrtev. Kopal je 8 ur. . . 12 ur. . . 24 ur. 36 ur. in 38. uro odstranil velik kos betonske plo\u0161\u010de in zasli\u0161al je sinov glas. Zavpil je njegovo ime: \u00bbARMAND!\u00ab. Zasli\u0161al je: \u00bbO\u010dka?! Jaz sem, o\u010dka. Drugim otrokom sem rekel, naj jih ne skrbi. \u010ce si \u017eiv, sem jim rekel, me bo\u0161 re\u0161il. In ko bo\u0161 re\u0161il mene, bodo tudi oni re\u0161eni. Obljubil si mi, naj se zgodi karkoli, da bo\u0161 vedno ob meni. Obljubil si, o\u010dka.\u00ab<\/p>\n<p>\u00bbKako ste? Kako je tam notri?\u00ab je vpra\u0161al o\u010de.<\/p>\n<p>\u00bbTu nas je \u0161tirinajst od triintridesetih, o\u010dka. Prestra\u0161eni smo, la\u010dni, \u017eejni in hvale\u017eni, da si tu. Ko se je zgradba podrla, je nastal klin, kot nekak\u0161en trikotnik, in nas re\u0161il.\u00ab \u00bbPridi ven, sinko.\u00ab \u00bbNe, o\u010dka! Naj gredo najprej drugi otroci, ker vem, da me bo\u0161 ti \u017ee potegnil ven. Naj se zgodi karkoli, vem, da mi bo\u0161 pomagal.\u00ab<\/p>\n<p>&nbsp;<\/p>\n<p>Za pogovor:\u00a0Kdaj si bil ti najbolj ponosen na svojega o\u010deta oz. kdaj se ti je zdel tvoje o\u010de najve\u010dji junak?<\/p>\n<p>Molitev: Zmolimo za vse mo\u017ee in o\u010dete, da bi vedno zmogli poskrbeti za varnost vseh svojih bli\u017enjih.<\/p>\n<p>Lahko zmolimo skupaj o\u010dena\u0161 in zdravamarijo. \u0160e lep\u0161e pa je, \u010de s svojimi besedami povzamemo vse tisto, o \u010demer smo se pogovarjali. Oblikujemo zahvalo ali pro\u0161njo na\u0161emu nebe\u0161kemu O\u010detu. Povabimo \u0161e otroke, da povedo svoje molitve.<\/p>\n<p>Na koncu zaklju\u010dimo:\u00a0Hvala ti, O\u010de, da si nam po Jezusu pokazal, kako dober si do nas. Daj da bomo poslu\u0161ali Tvojega Sina in tako \u017eiveli, da ti bomo vedno bolj podobni in se bomo neko\u010d skupaj s Tabo sre\u010dali v nebesih. Amen.<\/p>\n<p><!-- 6964854800dc7ff3bca5d6eb3445aea9 --><\/div>","protected":false},"excerpt":{"rendered":"<p>Teden dru\u017eine V \u010detrtek, 19. marca, se s praznikom sv. Jo\u017eefa, zavetnikom mo\u017e in o\u010detov, za\u010dne Teden dru\u017eine, ki nosi naslov: \u201cKdor se u\u010di, je mlad!\u201d Letos ga obhajamo v prav posebnih okoli\u0161\u010dinah, ko ve\u010d \u010dasa pre\u017eivimo v o\u017ejem dru\u017einskem krogu. V dru\u017eini lahko izkoristimo to prilo\u017enost, da se vsak dan usedemo skupaj, preberemo zgodbo [&hellip;]<\/p>","protected":false},"author":1,"featured_media":0,"parent":0,"menu_order":0,"comment_status":"closed","ping_status":"closed","template":"visual-builder-template.php","meta":[],"_links":{"self":[{"href":"https:\/\/zupnijaloka.si\/sl\/wp-json\/wp\/v2\/pages\/2495"}],"collection":[{"href":"https:\/\/zupnijaloka.si\/sl\/wp-json\/wp\/v2\/pages"}],"about":[{"href":"https:\/\/zupnijaloka.si\/sl\/wp-json\/wp\/v2\/types\/page"}],"author":[{"embeddable":true,"href":"https:\/\/zupnijaloka.si\/sl\/wp-json\/wp\/v2\/users\/1"}],"replies":[{"embeddable":true,"href":"https:\/\/zupnijaloka.si\/sl\/wp-json\/wp\/v2\/comments?post=2495"}],"version-history":[{"count":14,"href":"https:\/\/zupnijaloka.si\/sl\/wp-json\/wp\/v2\/pages\/2495\/revisions"}],"predecessor-version":[{"id":2517,"href":"https:\/\/zupnijaloka.si\/sl\/wp-json\/wp\/v2\/pages\/2495\/revisions\/2517"}],"wp:attachment":[{"href":"https:\/\/zupnijaloka.si\/sl\/wp-json\/wp\/v2\/media?parent=2495"}],"curies":[{"name":"wp","href":"https:\/\/api.w.org\/{rel}","templated":true}]}}