{"id":2541,"date":"2020-04-17T10:47:14","date_gmt":"2020-04-17T09:47:14","guid":{"rendered":"https:\/\/zupnijaloka.si\/?page_id=2541"},"modified":"2020-04-17T10:47:14","modified_gmt":"2020-04-17T09:47:14","slug":"rozni_venec_link","status":"publish","type":"page","link":"https:\/\/zupnijaloka.si\/sl\/rozni_venec_link\/","title":{"rendered":"RO\u017dNI VENEC LINK"},"content":{"rendered":"<div class=\"fw-page-builder-content\">\n<h1 class=\"fw-special-title\">RO\u017dNI VENEC<\/h1>\n<p style=\"text-align: center;\">\u201cVerujem v enega Boga, O\u010deta vsemogo\u010dnega, stvarnika nebes in zemlje, vseh vidnih in nevidnih stvari. In v enega Gospoda Jezusa Kristusa, edinorojenega Sina Bo\u017ejega, ki je iz O\u010deta rojen pred vsemi veki in je Bog od Boga, Lu\u010d od Lu\u010di, pravi Bog od pravega Boga. Rojen, ne ustvarjen, enega bistva z O\u010detom in je po njem vse ustvarjeno. Ki je zaradi nas ljudi in zaradi na\u0161ega zveli\u010danja pri\u0161el iz nebes. In se je utelesil po Svetem Duhu iz Marije Device in postal \u010dlovek.Bil je tudi kri\u017ean za nas pod Poncijem Pilatom,je trpel in bil v grob polo\u017een. In tretji dan je od mrtvih vstal, po pri\u010devanju Pisma. In je \u0161el v nebesa, sedi na O\u010detovi desnici. In bo spet pri\u0161el v slavi sodit \u017eive in mrtve; in njegovemu kraljestvu ne bo konca. Verujem v Svetega Duha,Gospoda, ki o\u017eivlja. Ki izhaja iz O\u010deta in Sina.Ki ga z O\u010detom in Sinom molimo in slavimo. Ki je govoril po prerokih. In eno, sveto, katoli\u0161ko in apostolsko Cerkev. Priznavam en krst v odpu\u0161\u010danje grehov. In pri\u010dakujem vstajenja mrtvih in \u017eivljenja v prihodnjem veku.<\/p>\n<p style=\"text-align: center;\">Amen.\u201d<\/p>\n<p> <a href=\"#sermons\" target=\"_self\" class=\"fw-btn tf-sh-c8d9fdee86a41bdb6b9864e40bd22f1b fw-btn-md fw-animated-element anchor fw-btn-4\" data-animation-type=\"fadeInUp\" data-animation-delay=\"300\" style=\"\"><br \/>\n \u00a0 \u00a0 URNIK SVETIH MA\u0160 \u00a0 \u00a0<br \/>\n <\/a><br \/>\n <img src=\"\/\/zupnisce.spletnet.com\/wp-content\/uploads\/2016\/02\/calendar-icon.png\" alt=\"\" \/> <\/p>\n<h5 class=\"fw-special-title\">RO\u017dNI VENEC<\/h5>\n<p> <a href=\"https:\/\/zupnijaloka.si\/rozni_venec\/\" target=\"_self\" class=\"fw-btn tf-sh-de32b323c26676c68f541aa8bc9f1153 fw-btn-lg fw-animated-element fw-btn-1\" data-animation-type=\"fadeInUp\" data-animation-delay=\"300\" style=\"\"><br \/>\n \u00a0 \u00a0 ODPRI \u00a0 \u00a0<br \/>\n <\/a><\/p>\n<h5 class=\"fw-special-title\">RO\u017dNI VENEC SVETEGA ROKA<\/h5>\n<p> <a href=\"https:\/\/zupnijaloka.si\/rozni_venec_svetega_roka\/\" target=\"_self\" class=\"fw-btn tf-sh-fbec93dfc74282895f113e885eb67170 fw-btn-lg fw-animated-element fw-btn-1\" data-animation-type=\"fadeInUp\" data-animation-delay=\"300\" style=\"\"><br \/>\n \u00a0 \u00a0 ODPRI \u00a0 \u00a0<br \/>\n <\/a><\/p>\n<h5 class=\"fw-special-title\">ZAPOVEDI<\/h5>\n<p> <a href=\"https:\/\/zupnijaloka.si\/zapovedi\/ \" target=\"_self\" class=\"fw-btn tf-sh-2207396d1279ee582e70ef905aa45809 fw-btn-lg fw-animated-element fw-btn-1\" data-animation-type=\"fadeInUp\" data-animation-delay=\"300\" style=\"\"><br \/>\n \u00a0 \u00a0 ODPRI \u00a0 \u00a0<br \/>\n <\/a><br \/>\n <a href=\"https:\/\/zupnijaloka.si\/masni-nameni\/\" target=\"_self\" class=\"fw-btn tf-sh-9faba5adef009148698f2dad0b05d11d fw-btn-lg fw-animated-element fw-btn-1\" data-animation-type=\"fadeInUp\" data-animation-delay=\"300\" style=\"\"><br \/>\n \u00a0 \u00a0 ODPRI \u00a0 \u00a0<br \/>\n <\/a><br \/>\n <a href=\"https:\/\/zupnijaloka.si\/masni-nameni\/\" target=\"_self\" class=\"fw-btn tf-sh-ab0ea908f6e1675616f17765e8fad8f4 fw-btn-lg fw-animated-element fw-btn-1\" data-animation-type=\"fadeInUp\" data-animation-delay=\"300\" style=\"\"><br \/>\n \u00a0 \u00a0 ODPRI \u00a0 \u00a0<br \/>\n <\/a><br \/>\n <a href=\"https:\/\/zupnijaloka.si\/masni-nameni\/\" target=\"_self\" class=\"fw-btn tf-sh-c67a0419f023d3d054be10ad836767c6 fw-btn-lg fw-animated-element fw-btn-1\" data-animation-type=\"fadeInUp\" data-animation-delay=\"300\" style=\"\"><br \/>\n \u00a0 \u00a0 ODPRI \u00a0 \u00a0<br \/>\n <\/a><\/p>\n<h5 class=\"fw-special-title\">OBRED SPOVEDI<\/h5>\n<p> <a href=\"https:\/\/zupnijaloka.si\/obred_spovedi\/\" target=\"_self\" class=\"fw-btn tf-sh-817c60d73ab479e66621806d18b898cf fw-btn-lg fw-animated-element fw-btn-1\" data-animation-type=\"fadeInUp\" data-animation-delay=\"300\" style=\"\"><br \/>\n \u00a0 \u00a0 ODPRI \u00a0 \u00a0<br \/>\n <\/a><\/p>\n<h5 class=\"fw-special-title\">RO\u017dNI VENEC<\/h5>\n<p> <a href=\" https:\/\/zupnijaloka.si\/rozni_venec\/\" target=\"_self\" class=\"fw-btn tf-sh-c6661d58cb706d31cc35cca9675edabf fw-btn-lg fw-animated-element fw-btn-1\" data-animation-type=\"fadeInUp\" data-animation-delay=\"300\" style=\"\"><br \/>\n \u00a0 \u00a0 ODPRI \u00a0 \u00a0<br \/>\n <\/a><\/p>\n<h5 class=\"fw-special-title\">LITANIJE<\/h5>\n<p> <a href=\" https:\/\/zupnijaloka.si\/rozni_venec\/\" target=\"_self\" class=\"fw-btn tf-sh-fd6cd1d1726e61ed0b61cdd1ec395baf fw-btn-lg fw-animated-element fw-btn-1\" data-animation-type=\"fadeInUp\" data-animation-delay=\"300\" style=\"\"><br \/>\n \u00a0 \u00a0 ODPRI \u00a0 \u00a0<br \/>\n <\/a><br \/>\n <a href=\"https:\/\/zupnijaloka.si\/masni-nameni\/\" target=\"_self\" class=\"fw-btn tf-sh-e72735ceda5155c40a9f41de1235e394 fw-btn-lg fw-animated-element fw-btn-1\" data-animation-type=\"fadeInUp\" data-animation-delay=\"300\" style=\"\"><br \/>\n \u00a0 \u00a0 ODPRI \u00a0 \u00a0<br \/>\n <\/a><br \/>\n <a href=\"https:\/\/zupnijaloka.si\/masni-nameni\/\" target=\"_self\" class=\"fw-btn tf-sh-f7f8c3930df2853f270ad1a1ee2871c1 fw-btn-lg fw-animated-element fw-btn-1\" data-animation-type=\"fadeInUp\" data-animation-delay=\"300\" style=\"\"><br \/>\n \u00a0 \u00a0 ODPRI \u00a0 \u00a0<br \/>\n <\/a><br \/>\n <a href=\"https:\/\/zupnijaloka.si\/masni-nameni\/\" target=\"_self\" class=\"fw-btn tf-sh-5864f4d8fd1289c9c5ae337f43a11c75 fw-btn-lg fw-animated-element fw-btn-1\" data-animation-type=\"fadeInUp\" data-animation-delay=\"300\" style=\"\"><br \/>\n \u00a0 \u00a0 ODPRI \u00a0 \u00a0<br \/>\n <\/a><\/p>\n<h5 class=\"fw-special-title\">IZRO\u010cITEV BO\u017dJI MATERI MARIJI<\/h5>\n<p> (15. avgust)<br \/>\n <a href=\"https:\/\/zupnijaloka.si\/izrocitev-bozji-materi-mariji\/\" target=\"_self\" class=\"fw-btn tf-sh-16b5b92f38ac22aea95523fb5d547e3f fw-btn-lg fw-animated-element fw-btn-1\" data-animation-type=\"fadeInUp\" data-animation-delay=\"300\" style=\"\"><br \/>\n \u00a0 \u00a0 ODPRI \u00a0 \u00a0<br \/>\n <\/a><\/p>\n<p><!-- 3fb1790fe792a6213a54c75163e790a3 --><\/div>","protected":false},"excerpt":{"rendered":"<p>RO\u017dNI VENEC \u201cVerujem v enega Boga, O\u010deta vsemogo\u010dnega, stvarnika nebes in zemlje, vseh vidnih in nevidnih stvari. In v enega Gospoda Jezusa Kristusa, edinorojenega Sina Bo\u017ejega, ki je iz O\u010deta rojen pred vsemi veki in je Bog od Boga, Lu\u010d od Lu\u010di, pravi Bog od pravega Boga. Rojen, ne ustvarjen, enega bistva z O\u010detom in [&hellip;]<\/p>","protected":false},"author":1,"featured_media":0,"parent":0,"menu_order":0,"comment_status":"closed","ping_status":"closed","template":"visual-builder-template.php","meta":[],"_links":{"self":[{"href":"https:\/\/zupnijaloka.si\/sl\/wp-json\/wp\/v2\/pages\/2541"}],"collection":[{"href":"https:\/\/zupnijaloka.si\/sl\/wp-json\/wp\/v2\/pages"}],"about":[{"href":"https:\/\/zupnijaloka.si\/sl\/wp-json\/wp\/v2\/types\/page"}],"author":[{"embeddable":true,"href":"https:\/\/zupnijaloka.si\/sl\/wp-json\/wp\/v2\/users\/1"}],"replies":[{"embeddable":true,"href":"https:\/\/zupnijaloka.si\/sl\/wp-json\/wp\/v2\/comments?post=2541"}],"version-history":[{"count":4,"href":"https:\/\/zupnijaloka.si\/sl\/wp-json\/wp\/v2\/pages\/2541\/revisions"}],"predecessor-version":[{"id":2545,"href":"https:\/\/zupnijaloka.si\/sl\/wp-json\/wp\/v2\/pages\/2541\/revisions\/2545"}],"wp:attachment":[{"href":"https:\/\/zupnijaloka.si\/sl\/wp-json\/wp\/v2\/media?parent=2541"}],"curies":[{"name":"wp","href":"https:\/\/api.w.org\/{rel}","templated":true}]}}