{"id":2547,"date":"2020-04-17T10:51:30","date_gmt":"2020-04-17T09:51:30","guid":{"rendered":"https:\/\/zupnijaloka.si\/?page_id=2547"},"modified":"2020-04-17T10:52:13","modified_gmt":"2020-04-17T09:52:13","slug":"litanije_link","status":"publish","type":"page","link":"https:\/\/zupnijaloka.si\/sl\/litanije_link\/","title":{"rendered":"LITANIJE LINK"},"content":{"rendered":"<div class=\"fw-page-builder-content\">\n<h1 class=\"fw-special-title\">LITANIJE<\/h1>\n<p style=\"text-align: center;\">\u201cVerujem v enega Boga, O\u010deta vsemogo\u010dnega, stvarnika nebes in zemlje, vseh vidnih in nevidnih stvari. In v enega Gospoda Jezusa Kristusa, edinorojenega Sina Bo\u017ejega, ki je iz O\u010deta rojen pred vsemi veki in je Bog od Boga, Lu\u010d od Lu\u010di, pravi Bog od pravega Boga. Rojen, ne ustvarjen, enega bistva z O\u010detom in je po njem vse ustvarjeno. Ki je zaradi nas ljudi in zaradi na\u0161ega zveli\u010danja pri\u0161el iz nebes. In se je utelesil po Svetem Duhu iz Marije Device in postal \u010dlovek.Bil je tudi kri\u017ean za nas pod Poncijem Pilatom,je trpel in bil v grob polo\u017een. In tretji dan je od mrtvih vstal, po pri\u010devanju Pisma. In je \u0161el v nebesa, sedi na O\u010detovi desnici. In bo spet pri\u0161el v slavi sodit \u017eive in mrtve; in njegovemu kraljestvu ne bo konca. Verujem v Svetega Duha,Gospoda, ki o\u017eivlja. Ki izhaja iz O\u010deta in Sina.Ki ga z O\u010detom in Sinom molimo in slavimo. Ki je govoril po prerokih. In eno, sveto, katoli\u0161ko in apostolsko Cerkev. Priznavam en krst v odpu\u0161\u010danje grehov. In pri\u010dakujem vstajenja mrtvih in \u017eivljenja v prihodnjem veku.<\/p>\n<p style=\"text-align: center;\">Amen.\u201d<\/p>\n<p> <a href=\"#sermons\" target=\"_self\" class=\"fw-btn tf-sh-669abd97b2277861fb8f5e97a060a78e fw-btn-md fw-animated-element anchor fw-btn-4\" data-animation-type=\"fadeInUp\" data-animation-delay=\"300\" style=\"\"><br \/>\n \u00a0 \u00a0 URNIK SVETIH MA\u0160 \u00a0 \u00a0<br \/>\n <\/a><br \/>\n <img src=\"\/\/zupnisce.spletnet.com\/wp-content\/uploads\/2016\/02\/calendar-icon.png\" alt=\"\" \/> <\/p>\n<h5 class=\"fw-special-title\">LITANIJE SVETEGA ROKA<\/h5>\n<p> <a href=\"https:\/\/zupnijaloka.si\/litanije_svetega_roka\/\" target=\"_self\" class=\"fw-btn tf-sh-7e53a7853a6994c51b06022b1d196912 fw-btn-lg fw-animated-element fw-btn-1\" data-animation-type=\"fadeInUp\" data-animation-delay=\"300\" style=\"\"><br \/>\n \u00a0 \u00a0 ODPRI \u00a0 \u00a0<br \/>\n <\/a><\/p>\n<h5 class=\"fw-special-title\">LITANIJE SO\u010cUTJA<\/h5>\n<p> <a href=\"https:\/\/zupnijaloka.si\/socutja\/\" target=\"_self\" class=\"fw-btn tf-sh-c63f4b9f862a4290132be1004d933ce3 fw-btn-lg fw-animated-element fw-btn-1\" data-animation-type=\"fadeInUp\" data-animation-delay=\"300\" style=\"\"><br \/>\n \u00a0 \u00a0 ODPRI \u00a0 \u00a0<br \/>\n <\/a><\/p>\n<h5 class=\"fw-special-title\">ZAPOVEDI<\/h5>\n<p> <a href=\"https:\/\/zupnijaloka.si\/zapovedi\/ \" target=\"_self\" class=\"fw-btn tf-sh-5bf4398b36fb51a1a0e3fba5b9c3e416 fw-btn-lg fw-animated-element fw-btn-1\" data-animation-type=\"fadeInUp\" data-animation-delay=\"300\" style=\"\"><br \/>\n \u00a0 \u00a0 ODPRI \u00a0 \u00a0<br \/>\n <\/a><br \/>\n <a href=\"https:\/\/zupnijaloka.si\/masni-nameni\/\" target=\"_self\" class=\"fw-btn tf-sh-711ecae8bf9d247f944e84d54a5c1d90 fw-btn-lg fw-animated-element fw-btn-1\" data-animation-type=\"fadeInUp\" data-animation-delay=\"300\" style=\"\"><br \/>\n \u00a0 \u00a0 ODPRI \u00a0 \u00a0<br \/>\n <\/a><br \/>\n <a href=\"https:\/\/zupnijaloka.si\/masni-nameni\/\" target=\"_self\" class=\"fw-btn tf-sh-0162d2a630dc51930ec9d4ca71e06148 fw-btn-lg fw-animated-element fw-btn-1\" data-animation-type=\"fadeInUp\" data-animation-delay=\"300\" style=\"\"><br \/>\n \u00a0 \u00a0 ODPRI \u00a0 \u00a0<br \/>\n <\/a><br \/>\n <a href=\"https:\/\/zupnijaloka.si\/masni-nameni\/\" target=\"_self\" class=\"fw-btn tf-sh-1efac1d2de5f86690b1792232c0f25a9 fw-btn-lg fw-animated-element fw-btn-1\" data-animation-type=\"fadeInUp\" data-animation-delay=\"300\" style=\"\"><br \/>\n \u00a0 \u00a0 ODPRI \u00a0 \u00a0<br \/>\n <\/a><\/p>\n<h5 class=\"fw-special-title\">OBRED SPOVEDI<\/h5>\n<p> <a href=\"https:\/\/zupnijaloka.si\/obred_spovedi\/\" target=\"_self\" class=\"fw-btn tf-sh-32487b4f8f585b333f0c7526c2ef59c0 fw-btn-lg fw-animated-element fw-btn-1\" data-animation-type=\"fadeInUp\" data-animation-delay=\"300\" style=\"\"><br \/>\n \u00a0 \u00a0 ODPRI \u00a0 \u00a0<br \/>\n <\/a><\/p>\n<h5 class=\"fw-special-title\">RO\u017dNI VENEC<\/h5>\n<p> <a href=\" https:\/\/zupnijaloka.si\/rozni_venec\/\" target=\"_self\" class=\"fw-btn tf-sh-469c7b9de4de7d8af6f6915fca240451 fw-btn-lg fw-animated-element fw-btn-1\" data-animation-type=\"fadeInUp\" data-animation-delay=\"300\" style=\"\"><br \/>\n \u00a0 \u00a0 ODPRI \u00a0 \u00a0<br \/>\n <\/a><\/p>\n<h5 class=\"fw-special-title\">LITANIJE<\/h5>\n<p> <a href=\" https:\/\/zupnijaloka.si\/rozni_venec\/\" target=\"_self\" class=\"fw-btn tf-sh-e192048e09d49c755ed94d0fe4be9b3b fw-btn-lg fw-animated-element fw-btn-1\" data-animation-type=\"fadeInUp\" data-animation-delay=\"300\" style=\"\"><br \/>\n \u00a0 \u00a0 ODPRI \u00a0 \u00a0<br \/>\n <\/a><br \/>\n <a href=\"https:\/\/zupnijaloka.si\/masni-nameni\/\" target=\"_self\" class=\"fw-btn tf-sh-8610b6dea985c4005361a8c706a63007 fw-btn-lg fw-animated-element fw-btn-1\" data-animation-type=\"fadeInUp\" data-animation-delay=\"300\" style=\"\"><br \/>\n \u00a0 \u00a0 ODPRI \u00a0 \u00a0<br \/>\n <\/a><br \/>\n <a href=\"https:\/\/zupnijaloka.si\/masni-nameni\/\" target=\"_self\" class=\"fw-btn tf-sh-2f5b9249fb1a34d7a2dd6bc706a6e51d fw-btn-lg fw-animated-element fw-btn-1\" data-animation-type=\"fadeInUp\" data-animation-delay=\"300\" style=\"\"><br \/>\n \u00a0 \u00a0 ODPRI \u00a0 \u00a0<br \/>\n <\/a><br \/>\n <a href=\"https:\/\/zupnijaloka.si\/masni-nameni\/\" target=\"_self\" class=\"fw-btn tf-sh-59cae9e7fb8e4df431e053b3650e0205 fw-btn-lg fw-animated-element fw-btn-1\" data-animation-type=\"fadeInUp\" data-animation-delay=\"300\" style=\"\"><br \/>\n \u00a0 \u00a0 ODPRI \u00a0 \u00a0<br \/>\n <\/a><\/p>\n<h5 class=\"fw-special-title\">IZRO\u010cITEV BO\u017dJI MATERI MARIJI<\/h5>\n<p> (15. avgust)<br \/>\n <a href=\"https:\/\/zupnijaloka.si\/izrocitev-bozji-materi-mariji\/\" target=\"_self\" class=\"fw-btn tf-sh-7dd294750a93d55293c80b79160d3462 fw-btn-lg fw-animated-element fw-btn-1\" data-animation-type=\"fadeInUp\" data-animation-delay=\"300\" style=\"\"><br \/>\n \u00a0 \u00a0 ODPRI \u00a0 \u00a0<br \/>\n <\/a><\/p>\n<p><!-- 69a7372a8189ff0427cd4904d362f74b --><\/div>","protected":false},"excerpt":{"rendered":"<p>LITANIJE \u201cVerujem v enega Boga, O\u010deta vsemogo\u010dnega, stvarnika nebes in zemlje, vseh vidnih in nevidnih stvari. In v enega Gospoda Jezusa Kristusa, edinorojenega Sina Bo\u017ejega, ki je iz O\u010deta rojen pred vsemi veki in je Bog od Boga, Lu\u010d od Lu\u010di, pravi Bog od pravega Boga. Rojen, ne ustvarjen, enega bistva z O\u010detom in je [&hellip;]<\/p>","protected":false},"author":1,"featured_media":0,"parent":0,"menu_order":0,"comment_status":"closed","ping_status":"closed","template":"visual-builder-template.php","meta":[],"_links":{"self":[{"href":"https:\/\/zupnijaloka.si\/sl\/wp-json\/wp\/v2\/pages\/2547"}],"collection":[{"href":"https:\/\/zupnijaloka.si\/sl\/wp-json\/wp\/v2\/pages"}],"about":[{"href":"https:\/\/zupnijaloka.si\/sl\/wp-json\/wp\/v2\/types\/page"}],"author":[{"embeddable":true,"href":"https:\/\/zupnijaloka.si\/sl\/wp-json\/wp\/v2\/users\/1"}],"replies":[{"embeddable":true,"href":"https:\/\/zupnijaloka.si\/sl\/wp-json\/wp\/v2\/comments?post=2547"}],"version-history":[{"count":3,"href":"https:\/\/zupnijaloka.si\/sl\/wp-json\/wp\/v2\/pages\/2547\/revisions"}],"predecessor-version":[{"id":2550,"href":"https:\/\/zupnijaloka.si\/sl\/wp-json\/wp\/v2\/pages\/2547\/revisions\/2550"}],"wp:attachment":[{"href":"https:\/\/zupnijaloka.si\/sl\/wp-json\/wp\/v2\/media?parent=2547"}],"curies":[{"name":"wp","href":"https:\/\/api.w.org\/{rel}","templated":true}]}}