{"id":2876,"date":"2023-02-27T11:13:33","date_gmt":"2023-02-27T10:13:33","guid":{"rendered":"https:\/\/zupnijaloka.si\/?page_id=2876"},"modified":"2023-02-27T11:31:24","modified_gmt":"2023-02-27T10:31:24","slug":"40_dni_brez_alkohola","status":"publish","type":"page","link":"https:\/\/zupnijaloka.si\/sl\/40_dni_brez_alkohola\/","title":{"rendered":"40 dni brez alkohola"},"content":{"rendered":"<div class=\"fw-page-builder-content\">\n<h2 class=\"fw-special-title\">40 dni brez alkohola <\/h2>\n<h5 class=\"fw-special-title\">\u0160e eno povabilo za vse, ki bi radi z odpovedjo alkoholu pomagali osebam in dru\u017einam, ki jih prekomerno pitje alkohola nekaterih \u010dlanov globoko zaznamuje in dela nesre\u010dne, posebno so prizadeti otroci. Z duhovno pomo\u010djo in zdr\u017enostjo jih bodrimo, da alkoholiki prenehajo izrabljati sebe in druge.<\/h5>\n<p> <img src=\"https:\/\/zupnijaloka.si\/wp-content\/uploads\/2023\/02\/40-dni-brez-alkohola.png\" alt=\"40 dni brez alkohola\" data-maxdpr=\"1.7\" class=\"lazyload\" \/> <\/p>\n<h5 class=\"fw-special-title\">MOLIMO <\/h5>\n<h5 class=\"fw-special-title\">Gospod, moj Bog, odpri mi u\u0161esa za tvojo besedo. Tvoja beseda naj preoblikuje moje misli, da bom spoznal svoje dostojanstvo in ga priznal drugim. Utelesi naj se v mojih dejanjih in usmeri moj korak k \u010dloveku ob meni. Odmeva naj v mojih besedah in ozdravi na\u0161e odnose. \u0160e posebej naj ozdravi na\u0161e bole\u010dine, ki jih povzro\u010da zasvojenost. Gospod, Tebi je to mogo\u010de \u2013 pomagaj mi, da bom sprejel tvojo ljubezen in Te prepoznal v svojih bli\u017enjih. <\/h5>\n<h5 class=\"fw-special-title\">Amen.<\/h5>\n<p> <a href=\"https:\/\/brezalkohola.si\/\" target=\"_self\" class=\"fw-btn tf-sh-81ff0faa5899f561a39273042147ab49 fw-btn-full fw-btn-lg fw-btn-2\" style=\"\" rel=\"noopener\"><br \/>\n brezalkohola.si<br \/>\n <\/a><\/p>\n<p><!-- 59695479163d4f2c0573513af585c2af --><\/div>","protected":false},"excerpt":{"rendered":"<p>40 dni brez alkohola \u0160e eno povabilo za vse, ki bi radi z odpovedjo alkoholu pomagali osebam in dru\u017einam, ki jih prekomerno pitje alkohola nekaterih \u010dlanov globoko zaznamuje in dela nesre\u010dne, posebno so prizadeti otroci. Z duhovno pomo\u010djo in zdr\u017enostjo jih bodrimo, da alkoholiki prenehajo izrabljati sebe in druge. MOLIMO Gospod, moj Bog, odpri mi [&hellip;]<\/p>","protected":false},"author":1,"featured_media":0,"parent":0,"menu_order":0,"comment_status":"closed","ping_status":"closed","template":"visual-builder-template.php","meta":[],"_links":{"self":[{"href":"https:\/\/zupnijaloka.si\/sl\/wp-json\/wp\/v2\/pages\/2876"}],"collection":[{"href":"https:\/\/zupnijaloka.si\/sl\/wp-json\/wp\/v2\/pages"}],"about":[{"href":"https:\/\/zupnijaloka.si\/sl\/wp-json\/wp\/v2\/types\/page"}],"author":[{"embeddable":true,"href":"https:\/\/zupnijaloka.si\/sl\/wp-json\/wp\/v2\/users\/1"}],"replies":[{"embeddable":true,"href":"https:\/\/zupnijaloka.si\/sl\/wp-json\/wp\/v2\/comments?post=2876"}],"version-history":[{"count":7,"href":"https:\/\/zupnijaloka.si\/sl\/wp-json\/wp\/v2\/pages\/2876\/revisions"}],"predecessor-version":[{"id":2887,"href":"https:\/\/zupnijaloka.si\/sl\/wp-json\/wp\/v2\/pages\/2876\/revisions\/2887"}],"wp:attachment":[{"href":"https:\/\/zupnijaloka.si\/sl\/wp-json\/wp\/v2\/media?parent=2876"}],"curies":[{"name":"wp","href":"https:\/\/api.w.org\/{rel}","templated":true}]}}