{"id":2894,"date":"2023-04-03T09:38:27","date_gmt":"2023-04-03T08:38:27","guid":{"rendered":"https:\/\/zupnijaloka.si\/?page_id=2894"},"modified":"2023-04-03T10:30:21","modified_gmt":"2023-04-03T09:30:21","slug":"veliki-teden-obredi","status":"publish","type":"page","link":"https:\/\/zupnijaloka.si\/sl\/veliki-teden-obredi\/","title":{"rendered":"VELIKI TEDEN &#8211; OBREDI"},"content":{"rendered":"<div class=\"fw-page-builder-content\">\n<h2 class=\"fw-special-title\">VELIKI TEDEN &#8211; OBREDI <\/h2>\n<h5 class=\"fw-special-title\">Vrhunec cerkvenega leta predstavlja Veliki teden, ki ga za\u010denjamo na cvetno ali olj\u010dno nedeljo, vrhunec velikega tedna pa je Velikono\u010dno tridnevje: Veliki \u010detrtek, Veliki petek in velikono\u010dna vigilija na Veliko soboto, ki nas uvede v Veliko no\u010d.<\/h5>\n<h5 class=\"fw-special-title\">CVETNA NEDELJA, 2. april:<\/h5>\n<p>V bogoslu\u017eju se spominjamo in podo\u017eivljamo Jezusov slovesni vhod v Jeruzalem.<\/p>\n<p>Na cvetno nedeljo blagoslavljamo zelenje: oljke, butarice in drugo zelenje.<\/p>\n<p>Ta blagoslov, poro\u010dilo o Jezusovem prihodu v njegovo mesto in procesija v cerkev,<\/p>\n<p>nam daje podo\u017eiveti ta dogodek danes ter v Jezusu sre\u010dati na\u0161ega Mesija,<\/p>\n<p>po katerem hrepenijo na\u0161a srca. Blagoslov zelenja bo pri vseh ma\u0161ah<\/p>\n<p>&nbsp;<\/p>\n<p>Bogoslu\u017eje, ki poteka od cvetne do velikono\u010dne nedelje, zaznamuje bogata simbolika,<\/p>\n<p>ki pomaga h globljemu razumevanju jedra kr\u0161\u010danskega verovanja.<\/p>\n<p>Postni \u010das, ki ga za\u010denjamo na pepelni\u010dno sredo in traja \u0161tirideset dni,<\/p>\n<p>sklenemo z ve\u010derno ma\u0161o Velikega \u010detrtka in tedaj nastopi sveto velikono\u010dno tridnevje. Dnevom med \u010detrtkom in soboto dodajamo pridevnik veliki, ker vsebujejo najgloblje sporo\u010dilo kr\u0161\u010danstva: pripovedujejo o postavitvi zakramentov evharistije in ma\u0161ni\u0161kega posve\u010danja ter o trpljenju, smrti in vstajenju Bo\u017ejega sina Jezusa Kristusa.<\/p>\n<h5 class=\"fw-special-title\">VELIKI \u010cETRTEK, 6. april<\/h5>\n<p>Na Veliki \u010detrtek obhajamo spomin Jezusove ZADNJE VE\u010cERJE.<\/p>\n<p>Med zadnjo ve\u010derjo je Jezus postavil zakrament osebne trajne realne navzo\u010dnosti pod podobo kruha in vina. Apostole je posvetil v ma\u0161nike in jim izro\u010dil skrivnost obhajanja zakramenta sv. ma\u0161e.<\/p>\n<p>Na ta dan se duhovniki zberemo okrog svojih \u0161kofov in obhajamo KRIZMENO MA\u0160O.<\/p>\n<p>V stolnici pri krizmeni ma\u0161i \u0161kof blagoslovi in posveti sveta olja, s katerimi delimo zakramente nato vse leto: bolni\u0161ko in krstno olje ter sveto krizmo.<\/p>\n<p>V \u017eupnijskih cerkvah je slovesna ma\u0161a v spomin Jezusove zadnje ve\u010derje in tiho \u010de\u0161\u010denje \u00bbJezusa na Oljski gori in v je\u010di.<\/p>\n<h5 class=\"fw-special-title\">VELIKI PETEK, 7. april <\/h5>\n<p style=\"text-align: center;\">\n<p>Na veliki petek obhajamo dan spomina na Jezusovo obsodbo, trpljenje in smrt.<\/p>\n<p>Popoldne molimo v kri\u017eev pot in pustimo kak\u0161en cvet pod kri\u017eem.<\/p>\n<p>Zve\u010der se v \u017eupnijski cerkvi zberemo k obhajanju Spomina na Jezusovo odre\u0161enjsko trpljenje in smrt na kri\u017eu. V tem obredju se pove\u017eemo z Jezusom, ki je trpel in umrl za nas in za vse ljudi. Po obredu ga po\u010dastimo v bo\u017ejem grobu.<\/p>\n<h5 class=\"fw-special-title\">VELIKA SOBOTA, 8. april<\/h5>\n<p>Blagoslov velikono\u010dnega ognja<\/p>\n<p>BLAGOSLOV VELIKONO\u010cNIH JEDI<\/p>\n<p>&nbsp;<\/p>\n<p>Ta dan po\u010dastimo kri\u017e in Jezusa v bo\u017ejem grobu.<\/p>\n<h5 class=\"fw-special-title\">VELIKONO\u010cNA VIGILIJA, zve\u010der<\/h5>\n<p>Z njo za\u010denjamo obhajati Jezusovo vstajenje. Zberemo sev cerkvi,\u00a0kjer se za\u010dne<\/p>\n<p> del velikono\u010dne vigilije je SLAVJE LU\u010cI.\u00a0S seboj prinesemo sve\u010de. Slavje lu\u010di dose\u017ee vrhunec po sprevodu v cerkev, s slovesno peto hvalnico velikono\u010dni sve\u010di;<br \/>\n del je BESEDNO BOGOSLU\u017dJE, v katerem poslu\u0161amo poro\u010dila o odre\u0161enjskih delih,<\/p>\n<p>ki jih je Bog storil za \u010dlove\u0161tvo skozi zgodovino odre\u0161enja.<\/p>\n<p>III. del: KRSTNO BOGOSLU\u017dJE. Iz Jezusove smrti in vstajenja izvirajo zakramenti s krstom na \u010delu.<\/p>\n<p> del: EVHARISTI\u010cNO BOGOSLU\u017dJE ali sveta ma\u0161a, ki je vrhunec in sredi\u0161\u010de \u017eivljenja kristjanov.<\/p>\n<p>Ta najvi\u0161ja oblika bogo\u010dastja je na\u0161a mo\u010d in tola\u017eba, ker nam ka\u017ee kako velik je Bog v Njegovi ljubezni, ko se vedno znova daruje za nas. Ka\u017ee nam, da smo namenjeni v ve\u010dnosti in da smo kon\u010dno v Bo\u017ejih rokah, tudi kadar tega morda ne razumemo.<\/p>\n<h5 class=\"fw-special-title\">VELIKA NO\u010c, 9. april<\/h5>\n<p>Velika no\u010d je najpomembnej\u0161i\u00a0<a href=\"https:\/\/sl.wikipedia.org\/wiki\/Kr%C5%A1%C4%8Danstvo\">kr\u0161\u010danski<\/a>\u00a0<a href=\"https:\/\/sl.wikipedia.org\/wiki\/Kr%C5%A1%C4%8Danski_prazniki\">praznik<\/a>.<\/p>\n<p>Kristjani na ta dan praznujejo\u00a0<a href=\"https:\/\/sl.wikipedia.org\/wiki\/Jezusovo_vstajenje\">Jezusovo vstajenje<\/a>\u00a0od mrtvih &#8211;<\/p>\n<p>na\u00a0<a href=\"https:\/\/sl.wikipedia.org\/wiki\/Veliki_petek\">veliki petek<\/a>\u00a0so\u00a0<a href=\"https:\/\/sl.wikipedia.org\/wiki\/Jezus_Kristus\">Jezusa Kristusa<\/a>\u00a0kri\u017eali, tretji dan po tem, na\u00a0<a href=\"https:\/\/sl.wikipedia.org\/wiki\/Nedelja\">nedeljo<\/a>, pa je vstal od mrtvih.<\/p>\n<p>Velika no\u010d je za kristjane praznik veselja in upanja; verujejo, da je Jezus s svojim vstajenjem premagal telesno in duhovno smrt ter za vse prinesel upanje, za kristjane pa upanje na vstajenje po smrti. Apostol Pavel pravi nekako tako, da je vera nesmiselna, \u010de ne temelji na tem,\u00a0da verjamemo v vstajenje. Pomeni, da verjamemo, da je Bog vsemogo\u010den in da se lahko\u00a0poslu\u017ei katerekoli oblike\u00a0in na\u010dina, da \u010dloveka odre\u0161i in mu izka\u017ee ljubezen.<\/p>\n<p>Velika no\u010d je praznik gotovosti, da nismo rojeni za smrt in da smrt nima zadnje besede.<\/p>\n<p>Je praznik gotovosti, da je \u010dlovek tako dragocen, da je vreden \u017eivljenja Boga.<\/p>\n<p>Velika no\u010d nam pove, da smo kot Bo\u017eji otroci dobili svobodno voljo in\u00a0da se lahko<\/p>\n<p>svobodno odlo\u010dimo za \u017eivljenje, lepoto, Boga In bodimo iskreni, da globoko v sebi \u010dutimo Njegovo ljubezen.<\/p>\n<p>Zjutraj se udele\u017eimo vstajenjske procesije in svete ma\u0161e; praznovanje se nadaljuje pri doma\u010di mizi, kjer se zbere vsa dru\u017eina in z molitvijo za\u010dne velikono\u010dni zajtrk..<\/p>\n<p>&nbsp;<\/p>\n<p>Ob udele\u017ebi velikono\u010dnega tridnevja se duhovno pripravimo na obhajanje Velike no\u010di.<\/p>\n<h5 class=\"fw-special-title\">VELIKONO\u010cNI PONEDELJEK , 10. april<\/h5>\n<p>Velikono\u010dno praznovanje se raz\u0161iri \u0161e na ves teden velikono\u010dne osmine.<\/p>\n<p>Na Velikono\u010dni ponedeljek se spominjamo sre\u010danja Vstalega z u\u010dencema na poti v Emavs. Zato re\u010demo, da ta dan gremo v Emavs, na obiske k znancem in sorodnikom vo\u0161\u010dit blagoslovljene velikono\u010dne praznike.<\/p>\n<p><!-- ca8929c2024c9d15f0e5be729748327e --><\/div>","protected":false},"excerpt":{"rendered":"<p>VELIKI TEDEN &#8211; OBREDI Vrhunec cerkvenega leta predstavlja Veliki teden, ki ga za\u010denjamo na cvetno ali olj\u010dno nedeljo, vrhunec velikega tedna pa je Velikono\u010dno tridnevje: Veliki \u010detrtek, Veliki petek in velikono\u010dna vigilija na Veliko soboto, ki nas uvede v Veliko no\u010d. CVETNA NEDELJA, 2. april: V bogoslu\u017eju se spominjamo in podo\u017eivljamo Jezusov slovesni vhod v [&hellip;]<\/p>","protected":false},"author":1,"featured_media":0,"parent":0,"menu_order":0,"comment_status":"closed","ping_status":"closed","template":"visual-builder-template.php","meta":[],"_links":{"self":[{"href":"https:\/\/zupnijaloka.si\/sl\/wp-json\/wp\/v2\/pages\/2894"}],"collection":[{"href":"https:\/\/zupnijaloka.si\/sl\/wp-json\/wp\/v2\/pages"}],"about":[{"href":"https:\/\/zupnijaloka.si\/sl\/wp-json\/wp\/v2\/types\/page"}],"author":[{"embeddable":true,"href":"https:\/\/zupnijaloka.si\/sl\/wp-json\/wp\/v2\/users\/1"}],"replies":[{"embeddable":true,"href":"https:\/\/zupnijaloka.si\/sl\/wp-json\/wp\/v2\/comments?post=2894"}],"version-history":[{"count":8,"href":"https:\/\/zupnijaloka.si\/sl\/wp-json\/wp\/v2\/pages\/2894\/revisions"}],"predecessor-version":[{"id":2905,"href":"https:\/\/zupnijaloka.si\/sl\/wp-json\/wp\/v2\/pages\/2894\/revisions\/2905"}],"wp:attachment":[{"href":"https:\/\/zupnijaloka.si\/sl\/wp-json\/wp\/v2\/media?parent=2894"}],"curies":[{"name":"wp","href":"https:\/\/api.w.org\/{rel}","templated":true}]}}