{"id":3091,"date":"2025-09-01T09:02:03","date_gmt":"2025-09-01T08:02:03","guid":{"rendered":"https:\/\/zupnijaloka.si\/?page_id=3091"},"modified":"2025-09-04T11:23:20","modified_gmt":"2025-09-04T10:23:20","slug":"oznanila","status":"publish","type":"page","link":"https:\/\/zupnijaloka.si\/sl\/oznanila\/","title":{"rendered":"OZNANILA"},"content":{"rendered":"<div class=\"fw-page-builder-content\">\n<h1 class=\"fw-special-title\">Ma\u0161ni nameni<\/h1>\n<h5 class=\"fw-special-title\">OZNANILA \u017dUPNIJ ZIDANI MOST, RAZBOR IN LOKA<\/h5>\n<h2 style=\"text-align: center;\">\n<p>1. 9. 2025 &#8211; 7. 9. 2025<\/p>\n<\/h2>\n<h5 class=\"fw-special-title\">PONEDELJEK<\/h5>\n<h6 style=\"text-align: center;\">\n<p>1.9.<\/p>\n<p>Egidij (Tilen)<\/p>\n<\/h6>\n<h5 class=\"fw-special-title\">KRAJ<\/h5>\n<h6 style=\"text-align: center;\"><\/h6>\n<h5 class=\"fw-special-title\">URA in NAMEN<\/h5>\n<h6 style=\"text-align: left;\">\n<p>\u2020 po namenu naro\u010dnika<\/p>\n<\/h6>\n<h5 class=\"fw-special-title\">TOREK<\/h5>\n<h6 style=\"text-align: center;\">\n<p>2.9.<\/p>\n<p>Marjeta, devica.<\/p>\n<\/h6>\n<h5 class=\"fw-special-title\">KRAJ<\/h5>\n<h6 style=\"text-align: center;\">\n<p>Razbor<\/p>\n<\/h6>\n<h5 class=\"fw-special-title\">URA in NAMEN<\/h5>\n<h6 style=\"text-align: left;\">\n<p>10h + po namenu romarjev<\/p>\n<p>(ma\u0161o bo vodil Pater Rufin)<\/p>\n<\/h6>\n<h5 class=\"fw-special-title\">SREDA<\/h5>\n<h6 style=\"text-align: center;\">\n<p>3. 9.<\/p>\n<p>Gregor Veliki.<\/p>\n<p>Pape\u017e in cerkveni u\u010ditelj<\/p>\n<\/h6>\n<h5 class=\"fw-special-title\">KRAJ<\/h5>\n<h6 style=\"text-align: center;\">\n<p>Zdole<\/p>\n<\/h6>\n<h5 class=\"fw-special-title\">URA in NAMEN<\/h5>\n<h6 style=\"text-align: left;\">\n<p>+ po osebnem namenu<\/p>\n<\/h6>\n<h5 class=\"fw-special-title\">\u010cETRTEK<\/h5>\n<h6 style=\"text-align: center;\">\n<p>4. 9.<\/p>\n<p>Sv. Rozalija<\/p>\n<\/h6>\n<h5 class=\"fw-special-title\">KRAJ<\/h5>\n<h6 style=\"text-align: center;\">\n<p>Sv. Jurij<\/p>\n<\/h6>\n<h5 class=\"fw-special-title\">URA in NAMEN<\/h5>\n<h6 style=\"text-align: left;\">\n<p>19h \u2020 po namenu<\/p>\n<\/h6>\n<h5 class=\"fw-special-title\">PETEK<\/h5>\n<h6 style=\"text-align: center;\">\n<p>5. 9.<\/p>\n<p>Mati Terezija<\/p>\n<p>redovnica<\/p>\n<\/h6>\n<h5 class=\"fw-special-title\">KRAJ<\/h5>\n<h6 style=\"text-align: center;\">\n<p>Dom starej\u0161ih<\/p>\n<p>\u0160avna pe\u010d<\/p>\n<\/h6>\n<h5 class=\"fw-special-title\">URA in NAMEN<\/h5>\n<h6 style=\"text-align: left;\">\n<p>10h +Vido Zupanc in Marijo Brvar<\/p>\n<p>18h +za duhovne poklice in svetost poklicanih<\/p>\n<\/h6>\n<h5 class=\"fw-special-title\">SOBOTA<\/h5>\n<h6 style=\"text-align: center;\">\n<p>6. 9.<\/p>\n<p>Zaharija<\/p>\n<\/h6>\n<h5 class=\"fw-special-title\">KRAJ<\/h5>\n<h6 style=\"text-align: center;\">\n<p>Lovrenc<\/p>\n<\/h6>\n<h5 class=\"fw-special-title\">URA in NAMEN<\/h5>\n<h6 style=\"text-align: left;\">\n<p>14h \u2020 Marijo in Franca Trbovc, Heleno in Rudija Blaznik, Petra Koritnik in vse rajne Pintar<\/p>\n<\/h6>\n<h5 class=\"fw-special-title\">NEDELJA<\/h5>\n<h6 style=\"text-align: center;\">\n<p>7. 9.<\/p>\n<p>23. nedelja med letom<\/p>\n<\/h6>\n<h5 class=\"fw-special-title\">KRAJ<\/h5>\n<h6 style=\"text-align: center;\">\n<p>Zidani most<\/p>\n<p>Loka<\/p>\n<p>Razbor<\/p>\n<p>M. \u0160irje<\/p>\n<\/h6>\n<h5 class=\"fw-special-title\">URA in NAMEN<\/h5>\n<h6 style=\"text-align: left;\">\n<p>7:45h +za \u017eive in rajne farane in dobrotnike<\/p>\n<p>9:00h \u2020 za sre\u010dno zadnjo uro<\/p>\n<p>10:15h \u2020 Franc Plahuta<\/p>\n<p>17h \u2020Rozalijo Tr\u017ean in vse rajne<\/p>\n<\/h6>\n<h6 style=\"text-align: center;\">\n<p>Z 1.9. bo spremenjen urnik sv. ma\u0161. Prosim da pozorno preberete oznanila.<\/p>\n<\/h6>\n<h6 style=\"text-align: center;\">\n<p>Hvala za razumevanje in vas prosim, za sodelovanje pri sv. ma\u0161i (branje Bo\u017eje besede, petje, ministriranje\u2026 \u017eelim, da bi vsak na\u0161el svoje mesto, kjer bi lahko talent, ki ga je prejel od Gospoda uporabil (da bi se videl, da ga nebi skril) in da bi se talenti \u0161e pomno\u017eili.<\/p>\n<\/h6>\n<p style=\"text-align: center;\">Za naro\u010dilo ma\u0161 in tudi vse kar me potrebujete sem dosegljiv na telefonski \u0161tevilki :<\/p>\n<p style=\"text-align: center;\">031-696-804 ali epo\u0161ta : <a href=\"mailto:georgemajcen@gmail.com\">georgemajcen@gmail.com<\/a> ali pa pred in po sv. ma\u0161i.<\/p>\n<p style=\"text-align: center;\">Gregor Majcen<\/p>\n<p>&nbsp;<\/p>\n<p><!-- 071afab9096f136ee23c2574ee902bcd --><\/div>","protected":false},"excerpt":{"rendered":"<p>Ma\u0161ni nameni OZNANILA \u017dUPNIJ ZIDANI MOST, RAZBOR IN LOKA 1. 9. 2025 &#8211; 7. 9. 2025 PONEDELJEK 1.9. Egidij (Tilen) KRAJ URA in NAMEN \u2020 po namenu naro\u010dnika TOREK 2.9. Marjeta, devica. KRAJ Razbor URA in NAMEN 10h + po namenu romarjev (ma\u0161o bo vodil Pater Rufin) SREDA 3. 9. Gregor Veliki. Pape\u017e in cerkveni [&hellip;]<\/p>","protected":false},"author":1,"featured_media":0,"parent":0,"menu_order":0,"comment_status":"closed","ping_status":"closed","template":"visual-builder-template.php","meta":[],"_links":{"self":[{"href":"https:\/\/zupnijaloka.si\/sl\/wp-json\/wp\/v2\/pages\/3091"}],"collection":[{"href":"https:\/\/zupnijaloka.si\/sl\/wp-json\/wp\/v2\/pages"}],"about":[{"href":"https:\/\/zupnijaloka.si\/sl\/wp-json\/wp\/v2\/types\/page"}],"author":[{"embeddable":true,"href":"https:\/\/zupnijaloka.si\/sl\/wp-json\/wp\/v2\/users\/1"}],"replies":[{"embeddable":true,"href":"https:\/\/zupnijaloka.si\/sl\/wp-json\/wp\/v2\/comments?post=3091"}],"version-history":[{"count":48,"href":"https:\/\/zupnijaloka.si\/sl\/wp-json\/wp\/v2\/pages\/3091\/revisions"}],"predecessor-version":[{"id":3198,"href":"https:\/\/zupnijaloka.si\/sl\/wp-json\/wp\/v2\/pages\/3091\/revisions\/3198"}],"wp:attachment":[{"href":"https:\/\/zupnijaloka.si\/sl\/wp-json\/wp\/v2\/media?parent=3091"}],"curies":[{"name":"wp","href":"https:\/\/api.w.org\/{rel}","templated":true}]}}